{"id":414,"date":"2020-12-07T00:51:42","date_gmt":"2020-12-07T05:51:42","guid":{"rendered":"https:\/\/www.nunku.com\/?page_id=414"},"modified":"2026-02-09T11:12:37","modified_gmt":"2026-02-09T16:12:37","slug":"politique-de-confidentialite","status":"publish","type":"page","link":"https:\/\/www.nunku.com\/fr\/politique-de-confidentialite\/","title":{"rendered":"Politique de confidentialit\u00e9"},"content":{"rendered":"\n<p><strong>Date d&rsquo;entr\u00e9e en vigueur: 2023-05-03<\/strong><\/p>\n\n\n\n<p>Mise \u00e0 jour le: 2023-05-04<\/p>\n\n\n\n<p>Cette Politique de confidentialit\u00e9 explicite les politiques de Agence Nunku relatives \u00e0 la collecte et l&rsquo;utilisation des informations que nous recueillons lorsque vous acc\u00e9dez \u00e0 nunku.com (le \u00abService\u00bb). Cette Politique de confidentialit\u00e9 d\u00e9crit vos droits en mati\u00e8re de confidentialit\u00e9 et la fa\u00e7on dont vous \u00eates prot\u00e9g\u00e9 par les lois sur la confidentialit\u00e9.<\/p>\n\n\n\n<p>En utilisant notre Service, vous consentez \u00e0 la collecte et \u00e0 l&rsquo;utilisation de vos informations conform\u00e9ment \u00e0 la pr\u00e9sente Politique de confidentialit\u00e9. Veuillez ne pas acc\u00e9der \u00e0 notre Service ou l&rsquo;utiliser si vous ne consentez pas \u00e0 la collecte et \u00e0 l&rsquo;utilisation de vos informations comme indiqu\u00e9 dans la pr\u00e9sente Politique de confidentialit\u00e9. Cette Politique de confidentialit\u00e9 a \u00e9t\u00e9 cr\u00e9\u00e9e avec l&rsquo;aide du G\u00e9n\u00e9rateur de Politique de Confidentialit\u00e9 de CookieScript.<\/p>\n\n\n\n<p>Agence Nunku est autoris\u00e9 \u00e0 modifier cette Politique de confidentialit\u00e9 \u00e0 tout moment, y compris sans avis pr\u00e9alable.<\/p>\n\n\n\n<p>Agence Nunku publiera la Politique de confidentialit\u00e9 r\u00e9vis\u00e9e sur le site Web nunku.com.<\/p>\n\n\n\n<p><strong>COLLECTE ET UTILISATION DE VOS INFORMATIONS PERSONNELLES<\/strong><\/p>\n\n\n\n<p><strong>INFORMATIONS QUE NOUS COLLECTONS<\/strong><\/p>\n\n\n\n<p>Lorsque vous utilisez notre Service, vous serez invit\u00e9 \u00e0 nous fournir des informations personnelles utilis\u00e9es pour vous contacter ou vous identifier. nunku.com<br>collecte les informations suivantes:<\/p>\n\n\n\n<ul class=\"wp-block-list\">\n<li>Num\u00e9ro de t\u00e9l\u00e9phone portable<\/li>\n\n\n\n<li>E-mail<\/li>\n\n\n\n<li>Nom<\/li>\n\n\n\n<li>Adresse professionnelle<\/li>\n<\/ul>\n\n\n\n<p><strong>COMMENT NOUS COLLECTONS LES INFORMATIONS<\/strong><\/p>\n\n\n\n<p>nunku.com collecte et re\u00e7oit des informations de votre part de la mani\u00e8re suivante:<\/p>\n\n\n\n<ul class=\"wp-block-list\">\n<li>Lorsque vous remplissez un formulaire d&rsquo;inscription ou soumettez autrement vos informations personnelles.<\/li>\n<\/ul>\n\n\n\n<p>Vos informations seront stock\u00e9es jusqu&rsquo;\u00e0 365 jour(s) apr\u00e8s que vous ayez r\u00e9sili\u00e9 votre compte. Vos informations peuvent \u00eatre conserv\u00e9es pendant des p\u00e9riodes plus longues pour l&rsquo;\u00e9tablissement de rapports ou la tenue d&rsquo;archives, conform\u00e9ment aux lois applicables. Les informations qui ne permettent pas de vous identifier personnellement peuvent \u00eatre conserv\u00e9es ind\u00e9finiment.<\/p>\n\n\n\n<p><strong>COMMENT NOUS UTILISONS VOS INFORMATIONS<\/strong><\/p>\n\n\n\n<p>nunku.com peut utiliser vos informations aux fins suivantes:<\/p>\n\n\n\n<ul class=\"wp-block-list\">\n<li>Fournir et maintenir notre Service, ainsi que surveiller l&rsquo;utilisation de notre Service.<\/li>\n\n\n\n<li>Vous contacter. Agence Nunku vous contactera par e-mail, t\u00e9l\u00e9phone, SMS ou toute autre forme de communication \u00e9lectronique relative aux fonctions, produits,<br>services ou mises \u00e0 jour de s\u00e9curit\u00e9 lorsque cela est n\u00e9cessaire ou raisonnable.<\/li>\n\n\n\n<li>Vous tenir inform\u00e9 avec des nouvelles, des informations g\u00e9n\u00e9rales, des offres sp\u00e9ciales, de nouveaux services et des \u00e9v\u00e9nements.<\/li>\n\n\n\n<li>Informations administratives. Vos Donn\u00e9es personnelles seront utilis\u00e9es dans le cadre d&rsquo;exploitation des pratiques d&rsquo;administration de notre site Web.<\/li>\n\n\n\n<li>Initiatives de marketing et de promotion. Agence Nunku utilisera des informations non sp\u00e9cifiques recueillies aupr\u00e8s de vous afin d&rsquo;am\u00e9liorer ses efforts de<br>marketing.<\/li>\n\n\n\n<li>Publicit\u00e9 cibl\u00e9e. Vos Donn\u00e9es personnelles seront utilis\u00e9es pour am\u00e9liorer les efforts publicitaires pertinents \u00e0 vos int\u00e9r\u00eats sp\u00e9cifiques.<\/li>\n<\/ul>\n\n\n\n<p><strong>COMMENT NOUS PARTAGEONS VOS INFORMATIONS<\/strong><\/p>\n\n\n\n<p>Agence Nunku partagera vos informations, le cas \u00e9ch\u00e9ant, dans les situations suivantes:<\/p>\n\n\n\n<ul class=\"wp-block-list\">\n<li>Avec votre consentement. Agence Nunku partagera vos informations \u00e0 toute fin avec votre consentement explicite.<\/li>\n<\/ul>\n\n\n\n<p><strong>PARTAGE AVEC DES TIERS<\/strong><\/p>\n\n\n\n<p>Vos informations peuvent \u00eatre divulgu\u00e9es pour d&rsquo;autres raisons, notamment:<\/p>\n\n\n\n<ul class=\"wp-block-list\">\n<li>Se conformer aux lois, r\u00e8glements ou ordonnances judiciaires applicables.<\/li>\n\n\n\n<li>R\u00e9pondre aux r\u00e9clamations selon lesquelles votre utilisation de notre Service viole les droits de tiers.<\/li>\n\n\n\n<li>Faire respecter les accords que vous avez conclus avec nous, y compris la pr\u00e9sente Politique de confidentialit\u00e9.<\/li>\n<\/ul>\n\n\n\n<p><strong>COOKIES<\/strong><\/p>\n\n\n\n<p>Les cookies sont de petits fichiers texte qui sont plac\u00e9s sur votre ordinateur par les sites Web que vous visitez. Les sites Web utilisent des cookies pour<br>aider les utilisateurs \u00e0 naviguer efficacement et \u00e0 ex\u00e9cuter certaines fonctions. Les cookies qui sont n\u00e9cessaires au bon fonctionnement du site Web peuvent \u00eatre install\u00e9s sans votre autorisation. Tous les autres cookies doivent \u00eatre approuv\u00e9s avant de pouvoir \u00eatre install\u00e9s dans le navigateur.<\/p>\n\n\n\n<ul class=\"wp-block-list\">\n<li>Cookies strictement n\u00e9cessaires. Les cookies strictement n\u00e9cessaires habilitent des fonctionnalit\u00e9s de base du site Web telles que la connexion des<br>utilisateurs et la gestion des comptes. Le site Web ne peut pas \u00eatre utilis\u00e9 correctement sans les cookies strictement n\u00e9cessaires.<\/li>\n<\/ul>\n\n\n\n<p>Vous pouvez modifier votre consentement \u00e0 l\u2019utilisation des cookies ci-dessous.<\/p>\n\n\n\n<script type=\"text\/javascript\" charset=\"UTF-8\"  data-cookiescriptreport=\"report\" src=\"\/\/report.cookie-script.com\/r\/a964973f9d1b53221a8fded18a8bfd97.js\"><\/script>\n\n\n\n<p><strong>S\u00c9CURIT\u00c9<\/strong><\/p>\n\n\n\n<p>La s\u00e9curit\u00e9 de vos informations nous tient \u00e0 c\u0153ur. nunku.com utilise une s\u00e9rie de mesures de s\u00e9curit\u00e9 pour emp\u00eacher l&rsquo;utilisation abusive, la perte ou l&rsquo;alt\u00e9ration des informations que vous nous avez fournies. Toutefois, comme nous ne pouvons pas garantir la s\u00e9curit\u00e9 des informations que vous nous fournissez, vous devez acc\u00e9der \u00e0 notre service \u00e0 vos propres risques.<\/p>\n\n\n\n<p>Agence Nunku n&rsquo;est pas responsable de la performance des sites Web exploit\u00e9s par des tiers ou de vos interactions avec eux. Lorsque vous quittez ce site Web, nous vous recommandons de passer en revue les pratiques de confidentialit\u00e9 des autres sites Web avec lesquels vous interagissez et de d\u00e9terminer si ces pratiques sont ad\u00e9quates.<\/p>\n\n\n\n<p><strong>NOUS CONTACTER<\/strong><\/p>\n\n\n\n<p>Pour toute question, veuillez nous contacter par les biais suivants:<\/p>\n\n\n\n<p>Agence Nunku<br>422 Ave Mont-Royal Est<br>nunku.com<br>5149244449<\/p>\n\n\n\n<p>Pour toute question ou pr\u00e9occupation relative au traitement de vos informations, vous pouvez contacter notre D\u00e9l\u00e9gu\u00e9 \u00e0 la protection de la vie priv\u00e9e, Pascal Assaleh, 5149244449.<\/p>\n","protected":false},"excerpt":{"rendered":"<p>Date d&rsquo;entr\u00e9e en vigueur: 2023-05-03 Mise \u00e0 jour le: 2023-05-04 Cette Politique de confidentialit\u00e9 explicite les politiques de Agence Nunku relatives \u00e0 la collecte et l&rsquo;utilisation des informations que nous recueillons lorsque vous acc\u00e9dez \u00e0 nunku.com (le \u00abService\u00bb). Cette Politique de confidentialit\u00e9 d\u00e9crit vos droits en mati\u00e8re de confidentialit\u00e9 et la fa\u00e7on dont vous \u00eates &#8230; <a title=\"Politique de confidentialit\u00e9\" class=\"read-more\" href=\"https:\/\/www.nunku.com\/fr\/politique-de-confidentialite\/\" aria-label=\"En savoir plus sur Politique de confidentialit\u00e9\">Lire la suite<\/a><\/p>\n","protected":false},"author":3,"featured_media":0,"parent":0,"menu_order":0,"comment_status":"closed","ping_status":"closed","template":"","meta":{"footnotes":""},"class_list":["post-414","page","type-page","status-publish"],"yoast_head":"<!-- This site is optimized with the Yoast SEO plugin v24.6 - https:\/\/yoast.com\/wordpress\/plugins\/seo\/ -->\n<title>Politique de confidentialit\u00e9 - Nunku<\/title>\n<meta name=\"robots\" content=\"index, follow, max-snippet:-1, max-image-preview:large, max-video-preview:-1\" \/>\n<link rel=\"canonical\" href=\"https:\/\/www.nunku.com\/fr\/politique-de-confidentialite\/\" \/>\n<meta property=\"og:locale\" content=\"fr_FR\" \/>\n<meta property=\"og:type\" content=\"article\" \/>\n<meta property=\"og:title\" content=\"Politique de confidentialit\u00e9 - Nunku\" \/>\n<meta property=\"og:description\" content=\"Date d&rsquo;entr\u00e9e en vigueur: 2023-05-03 Mise \u00e0 jour le: 2023-05-04 Cette Politique de confidentialit\u00e9 explicite les politiques de Agence Nunku relatives \u00e0 la collecte et l&rsquo;utilisation des informations que nous recueillons lorsque vous acc\u00e9dez \u00e0 nunku.com (le \u00abService\u00bb). Cette Politique de confidentialit\u00e9 d\u00e9crit vos droits en mati\u00e8re de confidentialit\u00e9 et la fa\u00e7on dont vous \u00eates ... Lire la suite\" \/>\n<meta property=\"og:url\" content=\"https:\/\/www.nunku.com\/fr\/politique-de-confidentialite\/\" \/>\n<meta property=\"og:site_name\" content=\"Nunku\" \/>\n<meta property=\"article:publisher\" content=\"https:\/\/www.facebook.com\/nunku.agency\/\" \/>\n<meta property=\"article:modified_time\" content=\"2026-02-09T16:12:37+00:00\" \/>\n<meta property=\"og:image\" content=\"https:\/\/www.nunku.com\/wp-content\/uploads\/2026\/02\/nunku-opengraph.png\" \/>\n\t<meta property=\"og:image:width\" content=\"1200\" \/>\n\t<meta property=\"og:image:height\" content=\"630\" \/>\n\t<meta property=\"og:image:type\" content=\"image\/png\" \/>\n<meta name=\"twitter:card\" content=\"summary_large_image\" \/>\n<meta name=\"twitter:label1\" content=\"Dur\u00e9e de lecture estim\u00e9e\" \/>\n\t<meta name=\"twitter:data1\" content=\"4 minutes\" \/>\n<script type=\"application\/ld+json\" class=\"yoast-schema-graph\">{\"@context\":\"https:\/\/schema.org\",\"@graph\":[{\"@type\":\"WebPage\",\"@id\":\"https:\/\/www.nunku.com\/fr\/politique-de-confidentialite\/\",\"url\":\"https:\/\/www.nunku.com\/fr\/politique-de-confidentialite\/\",\"name\":\"Politique de confidentialit\u00e9 - Nunku\",\"isPartOf\":{\"@id\":\"https:\/\/www.nunku.com\/fr\/#website\"},\"datePublished\":\"2020-12-07T05:51:42+00:00\",\"dateModified\":\"2026-02-09T16:12:37+00:00\",\"breadcrumb\":{\"@id\":\"https:\/\/www.nunku.com\/fr\/politique-de-confidentialite\/#breadcrumb\"},\"inLanguage\":\"fr-FR\",\"potentialAction\":[{\"@type\":\"ReadAction\",\"target\":[\"https:\/\/www.nunku.com\/fr\/politique-de-confidentialite\/\"]}]},{\"@type\":\"BreadcrumbList\",\"@id\":\"https:\/\/www.nunku.com\/fr\/politique-de-confidentialite\/#breadcrumb\",\"itemListElement\":[{\"@type\":\"ListItem\",\"position\":1,\"name\":\"Home\",\"item\":\"https:\/\/www.nunku.com\/fr\/accueil\/\"},{\"@type\":\"ListItem\",\"position\":2,\"name\":\"Politique de confidentialit\u00e9\"}]},{\"@type\":\"WebSite\",\"@id\":\"https:\/\/www.nunku.com\/fr\/#website\",\"url\":\"https:\/\/www.nunku.com\/fr\/\",\"name\":\"Nunku\",\"description\":\"Web Design &amp; Development specialized in Wordpress &amp; Shopify\",\"publisher\":{\"@id\":\"https:\/\/www.nunku.com\/fr\/#organization\"},\"potentialAction\":[{\"@type\":\"SearchAction\",\"target\":{\"@type\":\"EntryPoint\",\"urlTemplate\":\"https:\/\/www.nunku.com\/fr\/?s={search_term_string}\"},\"query-input\":{\"@type\":\"PropertyValueSpecification\",\"valueRequired\":true,\"valueName\":\"search_term_string\"}}],\"inLanguage\":\"fr-FR\"},{\"@type\":\"Organization\",\"@id\":\"https:\/\/www.nunku.com\/fr\/#organization\",\"name\":\"Nunku\",\"url\":\"https:\/\/www.nunku.com\/fr\/\",\"logo\":{\"@type\":\"ImageObject\",\"inLanguage\":\"fr-FR\",\"@id\":\"https:\/\/www.nunku.com\/fr\/#\/schema\/logo\/image\/\",\"url\":\"https:\/\/www.nunku.com\/wp-content\/uploads\/2026\/02\/Nunku-Logo-Black.webp\",\"contentUrl\":\"https:\/\/www.nunku.com\/wp-content\/uploads\/2026\/02\/Nunku-Logo-Black.webp\",\"width\":400,\"height\":88,\"caption\":\"Nunku\"},\"image\":{\"@id\":\"https:\/\/www.nunku.com\/fr\/#\/schema\/logo\/image\/\"},\"sameAs\":[\"https:\/\/www.facebook.com\/nunku.agency\/\",\"https:\/\/www.instagram.com\/nunku.agency\/\",\"https:\/\/www.linkedin.com\/company\/nunku\/\",\"https:\/\/www.tiktok.com\/@nunku.agency\"]}]}<\/script>\n<!-- \/ Yoast SEO plugin. -->","yoast_head_json":{"title":"Politique de confidentialit\u00e9 - Nunku","robots":{"index":"index","follow":"follow","max-snippet":"max-snippet:-1","max-image-preview":"max-image-preview:large","max-video-preview":"max-video-preview:-1"},"canonical":"https:\/\/www.nunku.com\/fr\/politique-de-confidentialite\/","og_locale":"fr_FR","og_type":"article","og_title":"Politique de confidentialit\u00e9 - Nunku","og_description":"Date d&rsquo;entr\u00e9e en vigueur: 2023-05-03 Mise \u00e0 jour le: 2023-05-04 Cette Politique de confidentialit\u00e9 explicite les politiques de Agence Nunku relatives \u00e0 la collecte et l&rsquo;utilisation des informations que nous recueillons lorsque vous acc\u00e9dez \u00e0 nunku.com (le \u00abService\u00bb). Cette Politique de confidentialit\u00e9 d\u00e9crit vos droits en mati\u00e8re de confidentialit\u00e9 et la fa\u00e7on dont vous \u00eates ... Lire la suite","og_url":"https:\/\/www.nunku.com\/fr\/politique-de-confidentialite\/","og_site_name":"Nunku","article_publisher":"https:\/\/www.facebook.com\/nunku.agency\/","article_modified_time":"2026-02-09T16:12:37+00:00","og_image":[{"width":1200,"height":630,"url":"https:\/\/www.nunku.com\/wp-content\/uploads\/2026\/02\/nunku-opengraph.png","type":"image\/png"}],"twitter_card":"summary_large_image","twitter_misc":{"Dur\u00e9e de lecture estim\u00e9e":"4 minutes"},"schema":{"@context":"https:\/\/schema.org","@graph":[{"@type":"WebPage","@id":"https:\/\/www.nunku.com\/fr\/politique-de-confidentialite\/","url":"https:\/\/www.nunku.com\/fr\/politique-de-confidentialite\/","name":"Politique de confidentialit\u00e9 - Nunku","isPartOf":{"@id":"https:\/\/www.nunku.com\/fr\/#website"},"datePublished":"2020-12-07T05:51:42+00:00","dateModified":"2026-02-09T16:12:37+00:00","breadcrumb":{"@id":"https:\/\/www.nunku.com\/fr\/politique-de-confidentialite\/#breadcrumb"},"inLanguage":"fr-FR","potentialAction":[{"@type":"ReadAction","target":["https:\/\/www.nunku.com\/fr\/politique-de-confidentialite\/"]}]},{"@type":"BreadcrumbList","@id":"https:\/\/www.nunku.com\/fr\/politique-de-confidentialite\/#breadcrumb","itemListElement":[{"@type":"ListItem","position":1,"name":"Home","item":"https:\/\/www.nunku.com\/fr\/accueil\/"},{"@type":"ListItem","position":2,"name":"Politique de confidentialit\u00e9"}]},{"@type":"WebSite","@id":"https:\/\/www.nunku.com\/fr\/#website","url":"https:\/\/www.nunku.com\/fr\/","name":"Nunku","description":"Web Design &amp; Development specialized in Wordpress &amp; Shopify","publisher":{"@id":"https:\/\/www.nunku.com\/fr\/#organization"},"potentialAction":[{"@type":"SearchAction","target":{"@type":"EntryPoint","urlTemplate":"https:\/\/www.nunku.com\/fr\/?s={search_term_string}"},"query-input":{"@type":"PropertyValueSpecification","valueRequired":true,"valueName":"search_term_string"}}],"inLanguage":"fr-FR"},{"@type":"Organization","@id":"https:\/\/www.nunku.com\/fr\/#organization","name":"Nunku","url":"https:\/\/www.nunku.com\/fr\/","logo":{"@type":"ImageObject","inLanguage":"fr-FR","@id":"https:\/\/www.nunku.com\/fr\/#\/schema\/logo\/image\/","url":"https:\/\/www.nunku.com\/wp-content\/uploads\/2026\/02\/Nunku-Logo-Black.webp","contentUrl":"https:\/\/www.nunku.com\/wp-content\/uploads\/2026\/02\/Nunku-Logo-Black.webp","width":400,"height":88,"caption":"Nunku"},"image":{"@id":"https:\/\/www.nunku.com\/fr\/#\/schema\/logo\/image\/"},"sameAs":["https:\/\/www.facebook.com\/nunku.agency\/","https:\/\/www.instagram.com\/nunku.agency\/","https:\/\/www.linkedin.com\/company\/nunku\/","https:\/\/www.tiktok.com\/@nunku.agency"]}]}},"_links":{"self":[{"href":"https:\/\/www.nunku.com\/fr\/wp-json\/wp\/v2\/pages\/414","targetHints":{"allow":["GET"]}}],"collection":[{"href":"https:\/\/www.nunku.com\/fr\/wp-json\/wp\/v2\/pages"}],"about":[{"href":"https:\/\/www.nunku.com\/fr\/wp-json\/wp\/v2\/types\/page"}],"author":[{"embeddable":true,"href":"https:\/\/www.nunku.com\/fr\/wp-json\/wp\/v2\/users\/3"}],"replies":[{"embeddable":true,"href":"https:\/\/www.nunku.com\/fr\/wp-json\/wp\/v2\/comments?post=414"}],"version-history":[{"count":0,"href":"https:\/\/www.nunku.com\/fr\/wp-json\/wp\/v2\/pages\/414\/revisions"}],"wp:attachment":[{"href":"https:\/\/www.nunku.com\/fr\/wp-json\/wp\/v2\/media?parent=414"}],"curies":[{"name":"wp","href":"https:\/\/api.w.org\/{rel}","templated":true}]}}