{"id":312,"date":"2021-09-23T19:25:22","date_gmt":"2021-09-23T23:25:22","guid":{"rendered":"https:\/\/www.nunku.com\/?page_id=312"},"modified":"2026-02-04T21:04:36","modified_gmt":"2026-02-05T02:04:36","slug":"services","status":"publish","type":"page","link":"https:\/\/www.nunku.com\/fr\/services\/","title":{"rendered":"Sp\u00e9cialisations"},"content":{"rendered":"<div class=\"gb-container gb-container-dc44fb1c\"><div class=\"gb-inside-container\">\n\n<h5 class=\"gb-headline gb-headline-a079e123 gb-headline-text\"><\/h5>\n\n\n\n<h2 class=\"gb-headline gb-headline-5118ebf1 gb-headline-text\">Services<\/h2>\n\n\n\n<p class=\"has-text-align-center\">Nous couvrons l&rsquo;ensemble des services n\u00e9cessaires \u00e0 l&rsquo;exp\u00e9rience num\u00e9rique optimale. Quel que soit votre budget ou votre \u00e9ch\u00e9ancier, nous travaillerons en \u00e9troite collaboration avec vous pour d\u00e9terminer les meilleures options pour atteindre vos objectifs d&rsquo;affaires.<\/p>\n\n\n\n<div style=\"height:30px\" aria-hidden=\"true\" class=\"wp-block-spacer\"><\/div>\n\n\n<div class=\"gb-grid-wrapper gb-grid-wrapper-e53d689d\">\n<div class=\"gb-grid-column gb-grid-column-f93ee219\"><div class=\"gb-container gb-container-f93ee219 service-cta\"><div class=\"gb-inside-container\">\n\n<h4 class=\"gb-headline gb-headline-bd4ddc81 gb-headline-text\">Strat\u00e9gie<\/h4>\n\n\n\n<p>Nous vous donnerons un aper\u00e7u des opportunit\u00e9s commerciales existantes, du march\u00e9 comp\u00e9titif ainsi que du plan d\u2019action \u00e0 court et \u00e0 long terme pour atteindre vos objectifs strat\u00e9giques.<\/p>\n\n\n<div class=\"gb-button-wrapper gb-button-wrapper-02c5efc4\">\n\n<a class=\"gb-button gb-button-4ae4cb0d gb-button-text smooth-scroll\" href=\"#strategie\"><strong>En savoir plus<\/strong><\/a>\n\n<\/div>\n<\/div><\/div><\/div>\n\n<div class=\"gb-grid-column gb-grid-column-dbc6213c\"><div class=\"gb-container gb-container-dbc6213c service-cta\"><div class=\"gb-inside-container\">\n\n<h4 class=\"gb-headline gb-headline-0d6b1fba gb-headline-text\">Design<\/h4>\n\n\n\n<p>Nous fournissons des solutions innovantes et centr\u00e9es sur l\u2019utilisateur pour r\u00e9soudre vos probl\u00e8mes. Nous nous engageons \u00e0 simplifier le complexe et \u00e0 concevoir une meilleure exp\u00e9rience humaine.<\/p>\n\n\n<div class=\"gb-button-wrapper gb-button-wrapper-100f0aa2\">\n\n<a class=\"gb-button gb-button-f2e1de01 gb-button-text smooth-scroll\" href=\"#design\"><strong>En savoir plus<\/strong><\/a>\n\n<\/div>\n<\/div><\/div><\/div>\n\n<div class=\"gb-grid-column gb-grid-column-472ad798\"><div class=\"gb-container gb-container-472ad798 service-cta\"><div class=\"gb-inside-container\">\n\n<h4 class=\"gb-headline gb-headline-9c2a8849 gb-headline-text\">D\u00e9veloppement<\/h4>\n\n\n\n<p>Gr\u00e2ce \u00e0 notre expertise dans un grand nombre de technologies de pointe, nous donnons vie \u00e0 vos id\u00e9es en cr\u00e9ant un code performant pour le web et le commerce \u00e9lectronique.<\/p>\n\n\n<div class=\"gb-button-wrapper gb-button-wrapper-0938b533\">\n\n<a class=\"gb-button gb-button-75b5c080 gb-button-text smooth-scroll\" href=\"#developpement\"><strong>En savoir plus<\/strong><\/a>\n\n<\/div>\n<\/div><\/div><\/div>\n\n<div class=\"gb-grid-column gb-grid-column-58c1d806\"><div class=\"gb-container gb-container-58c1d806 service-cta\"><div class=\"gb-inside-container\">\n\n<h4 class=\"gb-headline gb-headline-005dab39 gb-headline-text\">Performance<\/h4>\n\n\n\n<p>Il est important que votre site soit optimis\u00e9 pour les moteurs de recherches et la performance. Vous devez \u00eatre trouv\u00e9 et votre site doit \u00eatre performant lorsque les visiteurs que vous avez trouv\u00e9s s\u2019y trouvent.<\/p>\n\n\n<div class=\"gb-button-wrapper gb-button-wrapper-c048d82b\">\n\n<a class=\"gb-button gb-button-a94359cf gb-button-text smooth-scroll\" href=\"#performance\"><strong>En savoir plus<\/strong><\/a>\n\n<\/div>\n<\/div><\/div><\/div>\n<\/div>\n<\/div><\/div>\n\n<div class=\"gb-container gb-container-84267a1d\" id=\"strategie\"><div class=\"gb-inside-container\">\n<div class=\"gb-grid-wrapper gb-grid-wrapper-37416d5b\">\n<div class=\"gb-grid-column gb-grid-column-12463a76\"><div class=\"gb-container gb-container-12463a76\"><div class=\"gb-inside-container\">\n\n<h5 class=\"gb-headline gb-headline-181be582 gb-headline-text\"><\/h5>\n\n\n\n<h2 class=\"gb-headline gb-headline-bfc2a610 gb-headline-text\">Recherche <br>&amp; planification<\/h2>\n\n<\/div><\/div><\/div>\n\n<div class=\"gb-grid-column gb-grid-column-031a45de\"><div class=\"gb-container gb-container-031a45de\"><div class=\"gb-inside-container\">\n\n<h4 class=\"gb-headline gb-headline-d05df7da gb-headline-text\">Ce que nous pouvons faire pour vous<\/h4>\n\n\n\n<ul class=\"wp-block-list list-reduce-margin\">\n<li>Strat\u00e9gie et positionnement de marque<\/li>\n\n\n\n<li>Strat\u00e9gie de commerce \u00e9lectronique<\/li>\n\n\n\n<li>Strat\u00e9gie de marketing num\u00e9rique<\/li>\n\n\n\n<li>Strat\u00e9gie de croissance<\/li>\n\n\n\n<li>Campagne num\u00e9rique<\/li>\n\n\n\n<li>Cr\u00e9ation de contenu<\/li>\n\n\n\n<li>Audit SEO<\/li>\n\n\n\n<li>Audit UI\/UX<\/li>\n<\/ul>\n\n<\/div><\/div><\/div>\n<\/div>\n<\/div><\/div>\n\n<div class=\"gb-container gb-container-f06f124c\" id=\"design\"><div class=\"gb-inside-container\">\n<div class=\"gb-grid-wrapper gb-grid-wrapper-3b8e2f25\">\n<div class=\"gb-grid-column gb-grid-column-b453aacf\"><div class=\"gb-container gb-container-b453aacf\"><div class=\"gb-inside-container\">\n\n<h5 class=\"gb-headline gb-headline-51956f00 gb-headline-text\"><\/h5>\n\n\n\n<h2 class=\"gb-headline gb-headline-107029bd gb-headline-text\">Design<\/h2>\n\n\n\n<h2 class=\"gb-headline gb-headline-70adbf21 gb-headline-text\">UI\/UX<\/h2>\n\n<\/div><\/div><\/div>\n\n<div class=\"gb-grid-column gb-grid-column-a02355a5\"><div class=\"gb-container gb-container-a02355a5\"><div class=\"gb-inside-container\">\n\n<h4 class=\"gb-headline gb-headline-6f3a9dc4 gb-headline-text\">Ce que nous pouvons faire pour vous<\/h4>\n\n\n\n<ul class=\"wp-block-list list-reduce-margin\">\n<li>Identit\u00e9 de marque<\/li>\n\n\n\n<li>Design UX\/UI<\/li>\n\n\n\n<li>Design de sites web<\/li>\n\n\n\n<li>Design graphique<\/li>\n\n\n\n<li>Personas d&rsquo;utilisateur<\/li>\n\n\n\n<li>Cartographie du parcours du client<\/li>\n\n\n\n<li>Architecture d&rsquo;information<\/li>\n\n\n\n<li>Maquette filaire<\/li>\n\n\n\n<li>Tests d&rsquo;utilisateurs<\/li>\n<\/ul>\n\n<\/div><\/div><\/div>\n<\/div>\n<\/div><\/div>\n\n<div class=\"gb-container gb-container-3aa45f32\" id=\"developpement\"><div class=\"gb-inside-container\">\n<div class=\"gb-grid-wrapper gb-grid-wrapper-7f52a557\">\n<div class=\"gb-grid-column gb-grid-column-c71499d5\"><div class=\"gb-container gb-container-c71499d5\"><div class=\"gb-inside-container\">\n\n<h5 class=\"gb-headline gb-headline-3a132d25 gb-headline-text\"><\/h5>\n\n\n\n<h2 class=\"gb-headline gb-headline-8fad73d2 gb-headline-text\">D\u00e9veloppement <br>&amp; l&rsquo;int\u00e9gration<\/h2>\n\n<\/div><\/div><\/div>\n\n<div class=\"gb-grid-column gb-grid-column-61120dbf\"><div class=\"gb-container gb-container-61120dbf\"><div class=\"gb-inside-container\">\n\n<h4 class=\"gb-headline gb-headline-235d0145 gb-headline-text\">Ce que nous pouvons faire pour vous<\/h4>\n\n\n\n<ul class=\"wp-block-list list-reduce-margin\">\n<li>Page de destination<\/li>\n\n\n\n<li>D\u00e9veloppement web<\/li>\n\n\n\n<li>Commerce \u00e9lectronique \u2013 Shopify, WordPress (WooCommerce)<\/li>\n\n\n\n<li>Services d&rsquo;h\u00e9bergement et de gestion<\/li>\n\n\n\n<li>Entretien et assistance<\/li>\n\n\n\n<li>Performance web<\/li>\n<\/ul>\n\n<\/div><\/div><\/div>\n<\/div>\n<\/div><\/div>\n\n<div class=\"gb-container gb-container-781d5a13\" id=\"performance\"><div class=\"gb-inside-container\">\n<div class=\"gb-grid-wrapper gb-grid-wrapper-448404a2\">\n<div class=\"gb-grid-column gb-grid-column-eb7ba688\"><div class=\"gb-container gb-container-eb7ba688\"><div class=\"gb-inside-container\">\n\n<h5 class=\"gb-headline gb-headline-4b331a57 gb-headline-text\"><\/h5>\n\n\n\n<h2 class=\"gb-headline gb-headline-2c8f6cad gb-headline-text\">Croissance &amp;<br>optimisation SEO<\/h2>\n\n<\/div><\/div><\/div>\n\n<div class=\"gb-grid-column gb-grid-column-9c266705\"><div class=\"gb-container gb-container-9c266705\"><div class=\"gb-inside-container\">\n\n<h4 class=\"gb-headline gb-headline-d60f5933 gb-headline-text\">Ce que nous pouvons faire pour vous<\/h4>\n\n\n\n<ul class=\"wp-block-list list-reduce-margin\">\n<li>Optimisation des moteurs de recherche (SEO)<\/li>\n\n\n\n<li>Gestion des m\u00e9dias sociaux (SMM)<\/li>\n\n\n\n<li>Strat\u00e9gie de m\u00e9dias sociaux<\/li>\n\n\n\n<li>Marketing par courriel<\/li>\n\n\n\n<li>SEM et r\u00e9seaux sociaux<\/li>\n\n\n\n<li>Affichage multim\u00e9dia<\/li>\n\n\n\n<li>Formation et coaching<\/li>\n\n\n\n<li>Ateliers<\/li>\n<\/ul>\n\n<\/div><\/div><\/div>\n<\/div>\n<\/div><\/div>\n\n<div class=\"gb-container gb-container-63a4ce49\"><div class=\"gb-inside-container\">\n\n<h5 class=\"gb-headline gb-headline-5428329d gb-headline-text\"><\/h5>\n\n\n\n<h2 class=\"gb-headline gb-headline-c3e9017c gb-headline-text\">Des solutions fiables<\/h2>\n\n\n\n<p class=\"has-text-align-center\">Nous \u00e9laborons des solutions \u00e0 l&rsquo;aide d&rsquo;outils fiables, con\u00e7us pour la stabilit\u00e9 et l&rsquo;\u00e9volutivit\u00e9.<\/p>\n\n\n<div class=\"gb-grid-wrapper gb-grid-wrapper-e7a105b1\">\n<div class=\"gb-grid-column gb-grid-column-bef75a8e\"><div class=\"gb-container gb-container-bef75a8e\"><div class=\"gb-inside-container\">\n<div class=\"wp-block-image service-logo\">\n<figure class=\"aligncenter size-full\"><img loading=\"lazy\" decoding=\"async\" width=\"300\" height=\"125\" src=\"https:\/\/www.nunku.com\/wp-content\/uploads\/2023\/10\/partner-shopify.webp\" alt=\"Shopify\" class=\"wp-image-441\"\/><\/figure>\n<\/div>\n<\/div><\/div><\/div>\n\n<div class=\"gb-grid-column gb-grid-column-b81dbac4\"><div class=\"gb-container gb-container-b81dbac4\"><div class=\"gb-inside-container\">\n<div class=\"wp-block-image service-logo\">\n<figure class=\"aligncenter size-full\"><img loading=\"lazy\" decoding=\"async\" width=\"300\" height=\"125\" src=\"https:\/\/www.nunku.com\/wp-content\/uploads\/2023\/10\/partner-wordpress.webp\" alt=\"\" class=\"wp-image-455\"\/><\/figure>\n<\/div>\n<\/div><\/div><\/div>\n\n<div class=\"gb-grid-column gb-grid-column-b1839882\"><div class=\"gb-container gb-container-b1839882\"><div class=\"gb-inside-container\">\n<div class=\"wp-block-image service-logo\">\n<figure class=\"aligncenter size-full\"><img loading=\"lazy\" decoding=\"async\" width=\"300\" height=\"125\" src=\"https:\/\/www.nunku.com\/wp-content\/uploads\/2023\/10\/partner-woocommerce.webp\" alt=\"\" class=\"wp-image-453\"\/><\/figure>\n<\/div>\n<\/div><\/div><\/div>\n\n<div class=\"gb-grid-column gb-grid-column-d76ddeb3\"><div class=\"gb-container gb-container-d76ddeb3\"><div class=\"gb-inside-container\">\n<div class=\"wp-block-image service-logo\">\n<figure class=\"aligncenter size-full\"><img loading=\"lazy\" decoding=\"async\" width=\"300\" height=\"125\" src=\"https:\/\/www.nunku.com\/wp-content\/uploads\/2023\/10\/partner-meta.webp\" alt=\"Meta\" class=\"wp-image-439\"\/><\/figure>\n<\/div>\n<\/div><\/div><\/div>\n\n<div class=\"gb-grid-column gb-grid-column-c32b3496\"><div class=\"gb-container gb-container-c32b3496\"><div class=\"gb-inside-container\">\n<div class=\"wp-block-image service-logo\">\n<figure class=\"aligncenter size-full\"><img loading=\"lazy\" decoding=\"async\" width=\"300\" height=\"125\" src=\"https:\/\/www.nunku.com\/wp-content\/uploads\/2023\/10\/partner-google.webp\" alt=\"Google Partner\" class=\"wp-image-443\"\/><\/figure>\n<\/div>\n<\/div><\/div><\/div>\n\n<div class=\"gb-grid-column gb-grid-column-a933e457\"><div class=\"gb-container gb-container-a933e457\"><div class=\"gb-inside-container\">\n<div class=\"wp-block-image service-logo\">\n<figure class=\"aligncenter size-full\"><img loading=\"lazy\" decoding=\"async\" width=\"300\" height=\"125\" src=\"https:\/\/www.nunku.com\/wp-content\/uploads\/2023\/10\/partner-google-analytics.webp\" alt=\"Google Analytics\" class=\"wp-image-445\"\/><\/figure>\n<\/div>\n<\/div><\/div><\/div>\n\n<div class=\"gb-grid-column gb-grid-column-c0fd51c5\"><div class=\"gb-container gb-container-c0fd51c5\"><div class=\"gb-inside-container\">\n<div class=\"wp-block-image service-logo\">\n<figure class=\"aligncenter size-full\"><img loading=\"lazy\" decoding=\"async\" width=\"300\" height=\"125\" src=\"https:\/\/www.nunku.com\/wp-content\/uploads\/2023\/10\/partner-mailchimp.webp\" alt=\"Mailchimp\" class=\"wp-image-449\"\/><\/figure>\n<\/div>\n<\/div><\/div><\/div>\n\n<div class=\"gb-grid-column gb-grid-column-d0770901\"><div class=\"gb-container gb-container-d0770901\"><div class=\"gb-inside-container\">\n<div class=\"wp-block-image service-logo\">\n<figure class=\"aligncenter size-full\"><img loading=\"lazy\" decoding=\"async\" width=\"300\" height=\"125\" src=\"https:\/\/www.nunku.com\/wp-content\/uploads\/2023\/10\/partner-klaviyo.webp\" alt=\"Klaviyo\" class=\"wp-image-447\"\/><\/figure>\n<\/div>\n<\/div><\/div><\/div>\n<\/div>\n<\/div><\/div>\n\n\n<div style=\"height:50px\" aria-hidden=\"true\" class=\"wp-block-spacer\"><\/div>\n","protected":false},"excerpt":{"rendered":"<p>Services Nous couvrons l&rsquo;ensemble des services n\u00e9cessaires \u00e0 l&rsquo;exp\u00e9rience num\u00e9rique optimale. Quel que soit votre budget ou votre \u00e9ch\u00e9ancier, nous travaillerons en \u00e9troite collaboration avec vous pour d\u00e9terminer les meilleures options pour atteindre vos objectifs d&rsquo;affaires. Des solutions fiables Nous \u00e9laborons des solutions \u00e0 l&rsquo;aide d&rsquo;outils fiables, con\u00e7us pour la stabilit\u00e9 et l&rsquo;\u00e9volutivit\u00e9.<\/p>\n","protected":false},"author":3,"featured_media":342,"parent":0,"menu_order":0,"comment_status":"closed","ping_status":"closed","template":"","meta":{"footnotes":""},"class_list":["post-312","page","type-page","status-publish","has-post-thumbnail"],"yoast_head":"<!-- This site is optimized with the Yoast SEO plugin v27.3 - https:\/\/yoast.com\/product\/yoast-seo-wordpress\/ -->\n<title>Sp\u00e9cialisations - Nunku<\/title>\n<meta name=\"robots\" content=\"index, follow, max-snippet:-1, max-image-preview:large, max-video-preview:-1\" \/>\n<link rel=\"canonical\" href=\"https:\/\/www.nunku.com\/fr\/services\/\" \/>\n<meta property=\"og:locale\" content=\"fr_FR\" \/>\n<meta property=\"og:type\" content=\"article\" \/>\n<meta property=\"og:title\" content=\"Sp\u00e9cialisations - Nunku\" \/>\n<meta property=\"og:description\" content=\"Services Nous couvrons l&rsquo;ensemble des services n\u00e9cessaires \u00e0 l&rsquo;exp\u00e9rience num\u00e9rique optimale. Quel que soit votre budget ou votre \u00e9ch\u00e9ancier, nous travaillerons en \u00e9troite collaboration avec vous pour d\u00e9terminer les meilleures options pour atteindre vos objectifs d&rsquo;affaires. Des solutions fiables Nous \u00e9laborons des solutions \u00e0 l&rsquo;aide d&rsquo;outils fiables, con\u00e7us pour la stabilit\u00e9 et l&rsquo;\u00e9volutivit\u00e9.\" \/>\n<meta property=\"og:url\" content=\"https:\/\/www.nunku.com\/fr\/services\/\" \/>\n<meta property=\"og:site_name\" content=\"Nunku\" \/>\n<meta property=\"article:publisher\" content=\"https:\/\/www.facebook.com\/nunku.agency\/\" \/>\n<meta property=\"article:modified_time\" content=\"2026-02-05T02:04:36+00:00\" \/>\n<meta property=\"og:image\" content=\"https:\/\/www.nunku.com\/wp-content\/uploads\/2022\/03\/banner-services-parralax.jpg\" \/>\n\t<meta property=\"og:image:width\" content=\"1920\" \/>\n\t<meta property=\"og:image:height\" content=\"1440\" \/>\n\t<meta property=\"og:image:type\" content=\"image\/jpeg\" \/>\n<meta name=\"twitter:card\" content=\"summary_large_image\" \/>\n<meta name=\"twitter:label1\" content=\"Dur\u00e9e de lecture estim\u00e9e\" \/>\n\t<meta name=\"twitter:data1\" content=\"2 minutes\" \/>\n<script type=\"application\/ld+json\" class=\"yoast-schema-graph\">{\"@context\":\"https:\\\/\\\/schema.org\",\"@graph\":[{\"@type\":\"WebPage\",\"@id\":\"https:\\\/\\\/www.nunku.com\\\/fr\\\/services\\\/\",\"url\":\"https:\\\/\\\/www.nunku.com\\\/fr\\\/services\\\/\",\"name\":\"Sp\u00e9cialisations - Nunku\",\"isPartOf\":{\"@id\":\"https:\\\/\\\/www.nunku.com\\\/fr\\\/#website\"},\"primaryImageOfPage\":{\"@id\":\"https:\\\/\\\/www.nunku.com\\\/fr\\\/services\\\/#primaryimage\"},\"image\":{\"@id\":\"https:\\\/\\\/www.nunku.com\\\/fr\\\/services\\\/#primaryimage\"},\"thumbnailUrl\":\"https:\\\/\\\/www.nunku.com\\\/wp-content\\\/uploads\\\/2022\\\/03\\\/banner-services-parralax.jpg\",\"datePublished\":\"2021-09-23T23:25:22+00:00\",\"dateModified\":\"2026-02-05T02:04:36+00:00\",\"breadcrumb\":{\"@id\":\"https:\\\/\\\/www.nunku.com\\\/fr\\\/services\\\/#breadcrumb\"},\"inLanguage\":\"fr-FR\",\"potentialAction\":[{\"@type\":\"ReadAction\",\"target\":[\"https:\\\/\\\/www.nunku.com\\\/fr\\\/services\\\/\"]}]},{\"@type\":\"ImageObject\",\"inLanguage\":\"fr-FR\",\"@id\":\"https:\\\/\\\/www.nunku.com\\\/fr\\\/services\\\/#primaryimage\",\"url\":\"https:\\\/\\\/www.nunku.com\\\/wp-content\\\/uploads\\\/2022\\\/03\\\/banner-services-parralax.jpg\",\"contentUrl\":\"https:\\\/\\\/www.nunku.com\\\/wp-content\\\/uploads\\\/2022\\\/03\\\/banner-services-parralax.jpg\",\"width\":1920,\"height\":1440},{\"@type\":\"BreadcrumbList\",\"@id\":\"https:\\\/\\\/www.nunku.com\\\/fr\\\/services\\\/#breadcrumb\",\"itemListElement\":[{\"@type\":\"ListItem\",\"position\":1,\"name\":\"Home\",\"item\":\"https:\\\/\\\/www.nunku.com\\\/fr\\\/accueil\\\/\"},{\"@type\":\"ListItem\",\"position\":2,\"name\":\"Sp\u00e9cialisations\"}]},{\"@type\":\"WebSite\",\"@id\":\"https:\\\/\\\/www.nunku.com\\\/fr\\\/#website\",\"url\":\"https:\\\/\\\/www.nunku.com\\\/fr\\\/\",\"name\":\"Nunku\",\"description\":\"Web Design &amp; Development specialized in Wordpress &amp; Shopify\",\"publisher\":{\"@id\":\"https:\\\/\\\/www.nunku.com\\\/fr\\\/#organization\"},\"potentialAction\":[{\"@type\":\"SearchAction\",\"target\":{\"@type\":\"EntryPoint\",\"urlTemplate\":\"https:\\\/\\\/www.nunku.com\\\/fr\\\/?s={search_term_string}\"},\"query-input\":{\"@type\":\"PropertyValueSpecification\",\"valueRequired\":true,\"valueName\":\"search_term_string\"}}],\"inLanguage\":\"fr-FR\"},{\"@type\":\"Organization\",\"@id\":\"https:\\\/\\\/www.nunku.com\\\/fr\\\/#organization\",\"name\":\"Nunku\",\"url\":\"https:\\\/\\\/www.nunku.com\\\/fr\\\/\",\"logo\":{\"@type\":\"ImageObject\",\"inLanguage\":\"fr-FR\",\"@id\":\"https:\\\/\\\/www.nunku.com\\\/fr\\\/#\\\/schema\\\/logo\\\/image\\\/\",\"url\":\"https:\\\/\\\/www.nunku.com\\\/wp-content\\\/uploads\\\/2026\\\/02\\\/Nunku-Logo-Black.webp\",\"contentUrl\":\"https:\\\/\\\/www.nunku.com\\\/wp-content\\\/uploads\\\/2026\\\/02\\\/Nunku-Logo-Black.webp\",\"width\":400,\"height\":88,\"caption\":\"Nunku\"},\"image\":{\"@id\":\"https:\\\/\\\/www.nunku.com\\\/fr\\\/#\\\/schema\\\/logo\\\/image\\\/\"},\"sameAs\":[\"https:\\\/\\\/www.facebook.com\\\/nunku.agency\\\/\",\"https:\\\/\\\/www.instagram.com\\\/nunku.agency\\\/\",\"https:\\\/\\\/www.linkedin.com\\\/company\\\/nunku\\\/\",\"https:\\\/\\\/www.tiktok.com\\\/@nunku.agency\"]}]}<\/script>\n<!-- \/ Yoast SEO plugin. -->","yoast_head_json":{"title":"Sp\u00e9cialisations - Nunku","robots":{"index":"index","follow":"follow","max-snippet":"max-snippet:-1","max-image-preview":"max-image-preview:large","max-video-preview":"max-video-preview:-1"},"canonical":"https:\/\/www.nunku.com\/fr\/services\/","og_locale":"fr_FR","og_type":"article","og_title":"Sp\u00e9cialisations - Nunku","og_description":"Services Nous couvrons l&rsquo;ensemble des services n\u00e9cessaires \u00e0 l&rsquo;exp\u00e9rience num\u00e9rique optimale. Quel que soit votre budget ou votre \u00e9ch\u00e9ancier, nous travaillerons en \u00e9troite collaboration avec vous pour d\u00e9terminer les meilleures options pour atteindre vos objectifs d&rsquo;affaires. Des solutions fiables Nous \u00e9laborons des solutions \u00e0 l&rsquo;aide d&rsquo;outils fiables, con\u00e7us pour la stabilit\u00e9 et l&rsquo;\u00e9volutivit\u00e9.","og_url":"https:\/\/www.nunku.com\/fr\/services\/","og_site_name":"Nunku","article_publisher":"https:\/\/www.facebook.com\/nunku.agency\/","article_modified_time":"2026-02-05T02:04:36+00:00","og_image":[{"width":1920,"height":1440,"url":"https:\/\/www.nunku.com\/wp-content\/uploads\/2022\/03\/banner-services-parralax.jpg","type":"image\/jpeg"}],"twitter_card":"summary_large_image","twitter_misc":{"Dur\u00e9e de lecture estim\u00e9e":"2 minutes"},"schema":{"@context":"https:\/\/schema.org","@graph":[{"@type":"WebPage","@id":"https:\/\/www.nunku.com\/fr\/services\/","url":"https:\/\/www.nunku.com\/fr\/services\/","name":"Sp\u00e9cialisations - Nunku","isPartOf":{"@id":"https:\/\/www.nunku.com\/fr\/#website"},"primaryImageOfPage":{"@id":"https:\/\/www.nunku.com\/fr\/services\/#primaryimage"},"image":{"@id":"https:\/\/www.nunku.com\/fr\/services\/#primaryimage"},"thumbnailUrl":"https:\/\/www.nunku.com\/wp-content\/uploads\/2022\/03\/banner-services-parralax.jpg","datePublished":"2021-09-23T23:25:22+00:00","dateModified":"2026-02-05T02:04:36+00:00","breadcrumb":{"@id":"https:\/\/www.nunku.com\/fr\/services\/#breadcrumb"},"inLanguage":"fr-FR","potentialAction":[{"@type":"ReadAction","target":["https:\/\/www.nunku.com\/fr\/services\/"]}]},{"@type":"ImageObject","inLanguage":"fr-FR","@id":"https:\/\/www.nunku.com\/fr\/services\/#primaryimage","url":"https:\/\/www.nunku.com\/wp-content\/uploads\/2022\/03\/banner-services-parralax.jpg","contentUrl":"https:\/\/www.nunku.com\/wp-content\/uploads\/2022\/03\/banner-services-parralax.jpg","width":1920,"height":1440},{"@type":"BreadcrumbList","@id":"https:\/\/www.nunku.com\/fr\/services\/#breadcrumb","itemListElement":[{"@type":"ListItem","position":1,"name":"Home","item":"https:\/\/www.nunku.com\/fr\/accueil\/"},{"@type":"ListItem","position":2,"name":"Sp\u00e9cialisations"}]},{"@type":"WebSite","@id":"https:\/\/www.nunku.com\/fr\/#website","url":"https:\/\/www.nunku.com\/fr\/","name":"Nunku","description":"Web Design &amp; Development specialized in Wordpress &amp; Shopify","publisher":{"@id":"https:\/\/www.nunku.com\/fr\/#organization"},"potentialAction":[{"@type":"SearchAction","target":{"@type":"EntryPoint","urlTemplate":"https:\/\/www.nunku.com\/fr\/?s={search_term_string}"},"query-input":{"@type":"PropertyValueSpecification","valueRequired":true,"valueName":"search_term_string"}}],"inLanguage":"fr-FR"},{"@type":"Organization","@id":"https:\/\/www.nunku.com\/fr\/#organization","name":"Nunku","url":"https:\/\/www.nunku.com\/fr\/","logo":{"@type":"ImageObject","inLanguage":"fr-FR","@id":"https:\/\/www.nunku.com\/fr\/#\/schema\/logo\/image\/","url":"https:\/\/www.nunku.com\/wp-content\/uploads\/2026\/02\/Nunku-Logo-Black.webp","contentUrl":"https:\/\/www.nunku.com\/wp-content\/uploads\/2026\/02\/Nunku-Logo-Black.webp","width":400,"height":88,"caption":"Nunku"},"image":{"@id":"https:\/\/www.nunku.com\/fr\/#\/schema\/logo\/image\/"},"sameAs":["https:\/\/www.facebook.com\/nunku.agency\/","https:\/\/www.instagram.com\/nunku.agency\/","https:\/\/www.linkedin.com\/company\/nunku\/","https:\/\/www.tiktok.com\/@nunku.agency"]}]}},"_links":{"self":[{"href":"https:\/\/www.nunku.com\/fr\/wp-json\/wp\/v2\/pages\/312","targetHints":{"allow":["GET"]}}],"collection":[{"href":"https:\/\/www.nunku.com\/fr\/wp-json\/wp\/v2\/pages"}],"about":[{"href":"https:\/\/www.nunku.com\/fr\/wp-json\/wp\/v2\/types\/page"}],"author":[{"embeddable":true,"href":"https:\/\/www.nunku.com\/fr\/wp-json\/wp\/v2\/users\/3"}],"replies":[{"embeddable":true,"href":"https:\/\/www.nunku.com\/fr\/wp-json\/wp\/v2\/comments?post=312"}],"version-history":[{"count":0,"href":"https:\/\/www.nunku.com\/fr\/wp-json\/wp\/v2\/pages\/312\/revisions"}],"wp:featuredmedia":[{"embeddable":true,"href":"https:\/\/www.nunku.com\/fr\/wp-json\/wp\/v2\/media\/342"}],"wp:attachment":[{"href":"https:\/\/www.nunku.com\/fr\/wp-json\/wp\/v2\/media?parent=312"}],"curies":[{"name":"wp","href":"https:\/\/api.w.org\/{rel}","templated":true}]}}