{"id":311,"date":"2021-09-23T19:25:32","date_gmt":"2021-09-23T23:25:32","guid":{"rendered":"https:\/\/www.nunku.com\/?page_id=311"},"modified":"2026-02-04T21:04:22","modified_gmt":"2026-02-05T02:04:22","slug":"realisations","status":"publish","type":"page","link":"https:\/\/www.nunku.com\/fr\/realisations\/","title":{"rendered":"R\u00e9alisations"},"content":{"rendered":"\n<h5 class=\"gb-headline gb-headline-eed4ab62 gb-headline-text textreveal reveal-to-block\"><\/h5>\n\n\n\n<h2 class=\"gb-headline gb-headline-aba60e28 gb-headline-text textreveal reveal-to-block\">Ce que nous avons fait<\/h2>\n\n\n\n<p class=\"has-text-align-center\">Nous d\u00e9veloppons, concevons et fournissons des sites web qui g\u00e9n\u00e8rent des r\u00e9sultats.<br>Ce sont nos projets les plus r\u00e9cents dont nous sommes fiers.<\/p>\n\n\n<div class=\"gb-container gb-container-be5d5bd8\"><div class=\"gb-inside-container\">\n<div class=\"projects-grid\"><a class=\"listed-project\" href=\"https:\/\/industriapizzeria.com\/\" target=\"_blank\"><img decoding=\"async\" src=\"https:\/\/www.nunku.com\/wp-content\/uploads\/2023\/01\/industria-pasta.png\" class=\"project-bg\" loading=\"lazy\" \/><div><p>WordPress<\/p><h4>Industria Pizzeria<\/h4><svg class=\"project-arrow\" aria-hidden=\"true\" role=\"img\" height=\"2em\" width=\"2em\" viewbox=\"0 0 640 640\" xmlns=\"http:\/\/www.w3.org\/2000\/svg\"><path fill=\"white\" d=\"M0 410.43L640 410.43L442.61 229.58L442.61 343.56L0 343.56L0 410.43Z\"><\/path><\/svg><\/div><div class=\"project-overlay\"><\/div><div class=\"project-title-underlay\"><\/div><\/a><a class=\"listed-project\" href=\"https:\/\/www.nyfacemd.com\/\" target=\"_blank\"><img decoding=\"async\" src=\"https:\/\/www.nunku.com\/wp-content\/uploads\/2021\/09\/office-door-500x500.webp\" class=\"project-bg\" loading=\"lazy\" \/><div><p>WordPress<\/p><h4>NYFACEMD<\/h4><svg class=\"project-arrow\" aria-hidden=\"true\" role=\"img\" height=\"2em\" width=\"2em\" viewbox=\"0 0 640 640\" xmlns=\"http:\/\/www.w3.org\/2000\/svg\"><path fill=\"white\" d=\"M0 410.43L640 410.43L442.61 229.58L442.61 343.56L0 343.56L0 410.43Z\"><\/path><\/svg><\/div><div class=\"project-overlay\"><\/div><div class=\"project-title-underlay\"><\/div><\/a><a class=\"listed-project\" href=\"https:\/\/luluspastabar.com\/\" target=\"_blank\"><img decoding=\"async\" src=\"https:\/\/www.nunku.com\/wp-content\/uploads\/2024\/01\/4-500x500.png\" class=\"project-bg\" loading=\"lazy\" \/><div><p>WordPress<\/p><h4>Lulu&rsquo;s Pasta Bar<\/h4><svg class=\"project-arrow\" aria-hidden=\"true\" role=\"img\" height=\"2em\" width=\"2em\" viewbox=\"0 0 640 640\" xmlns=\"http:\/\/www.w3.org\/2000\/svg\"><path fill=\"white\" d=\"M0 410.43L640 410.43L442.61 229.58L442.61 343.56L0 343.56L0 410.43Z\"><\/path><\/svg><\/div><div class=\"project-overlay\"><\/div><div class=\"project-title-underlay\"><\/div><\/a><a class=\"listed-project\" href=\"https:\/\/cliniquedentairelesommet.com\/\" target=\"_blank\"><img decoding=\"async\" src=\"https:\/\/www.nunku.com\/wp-content\/uploads\/2021\/09\/project-cliniquedentairelesommet-banner-500x500.jpg\" class=\"project-bg\" loading=\"lazy\" \/><div><p>WordPress<\/p><h4>Clinique Dentaire Le Sommet<\/h4><svg class=\"project-arrow\" aria-hidden=\"true\" role=\"img\" height=\"2em\" width=\"2em\" viewbox=\"0 0 640 640\" xmlns=\"http:\/\/www.w3.org\/2000\/svg\"><path fill=\"white\" d=\"M0 410.43L640 410.43L442.61 229.58L442.61 343.56L0 343.56L0 410.43Z\"><\/path><\/svg><\/div><div class=\"project-overlay\"><\/div><div class=\"project-title-underlay\"><\/div><\/a><a class=\"listed-project\" href=\"https:\/\/www.drmichaeljstein.com\/\" target=\"_blank\"><img decoding=\"async\" src=\"https:\/\/www.nunku.com\/wp-content\/uploads\/2023\/10\/drmichaeljstein.jpg\" class=\"project-bg\" loading=\"lazy\" \/><div><p>WordPress<\/p><h4>Dr<span>.<\/span> Michael J<span>.<\/span> Stein<\/h4><svg class=\"project-arrow\" aria-hidden=\"true\" role=\"img\" height=\"2em\" width=\"2em\" viewbox=\"0 0 640 640\" xmlns=\"http:\/\/www.w3.org\/2000\/svg\"><path fill=\"white\" d=\"M0 410.43L640 410.43L442.61 229.58L442.61 343.56L0 343.56L0 410.43Z\"><\/path><\/svg><\/div><div class=\"project-overlay\"><\/div><div class=\"project-title-underlay\"><\/div><\/a><a class=\"listed-project\" href=\"https:\/\/www.williamfrenn.com\/\" target=\"_blank\"><img decoding=\"async\" src=\"https:\/\/www.nunku.com\/wp-content\/uploads\/2021\/09\/project-williamfrenn-banner-500x500.jpg\" class=\"project-bg\" loading=\"lazy\" \/><div><p>WordPress<\/p><h4>William Frenn<\/h4><svg class=\"project-arrow\" aria-hidden=\"true\" role=\"img\" height=\"2em\" width=\"2em\" viewbox=\"0 0 640 640\" xmlns=\"http:\/\/www.w3.org\/2000\/svg\"><path fill=\"white\" d=\"M0 410.43L640 410.43L442.61 229.58L442.61 343.56L0 343.56L0 410.43Z\"><\/path><\/svg><\/div><div class=\"project-overlay\"><\/div><div class=\"project-title-underlay\"><\/div><\/a><a class=\"listed-project\" href=\"https:\/\/www.creviermancini.com\/\" target=\"_blank\"><img decoding=\"async\" src=\"https:\/\/www.nunku.com\/wp-content\/uploads\/2021\/09\/Layer-15@1X-500x500.png\" class=\"project-bg\" loading=\"lazy\" \/><div><p>WordPress<\/p><h4>Crevier Mancini<\/h4><svg class=\"project-arrow\" aria-hidden=\"true\" role=\"img\" height=\"2em\" width=\"2em\" viewbox=\"0 0 640 640\" xmlns=\"http:\/\/www.w3.org\/2000\/svg\"><path fill=\"white\" d=\"M0 410.43L640 410.43L442.61 229.58L442.61 343.56L0 343.56L0 410.43Z\"><\/path><\/svg><\/div><div class=\"project-overlay\"><\/div><div class=\"project-title-underlay\"><\/div><\/a><a class=\"listed-project\" href=\"https:\/\/signalitup.com\/\" target=\"_blank\"><img decoding=\"async\" src=\"https:\/\/www.nunku.com\/wp-content\/uploads\/2022\/02\/signalitup.png\" class=\"project-bg\" loading=\"lazy\" \/><div><p>WordPress<\/p><h4>SignalitUP<\/h4><svg class=\"project-arrow\" aria-hidden=\"true\" role=\"img\" height=\"2em\" width=\"2em\" viewbox=\"0 0 640 640\" xmlns=\"http:\/\/www.w3.org\/2000\/svg\"><path fill=\"white\" d=\"M0 410.43L640 410.43L442.61 229.58L442.61 343.56L0 343.56L0 410.43Z\"><\/path><\/svg><\/div><div class=\"project-overlay\"><\/div><div class=\"project-title-underlay\"><\/div><\/a><a class=\"listed-project\" href=\"https:\/\/www.houstonresto.com\/\" target=\"_blank\"><img decoding=\"async\" src=\"https:\/\/www.nunku.com\/wp-content\/uploads\/2024\/10\/DSC02663-Edit.jpg\" class=\"project-bg\" loading=\"lazy\" \/><div><p>WordPress<\/p><h4>Houston<\/h4><svg class=\"project-arrow\" aria-hidden=\"true\" role=\"img\" height=\"2em\" width=\"2em\" viewbox=\"0 0 640 640\" xmlns=\"http:\/\/www.w3.org\/2000\/svg\"><path fill=\"white\" d=\"M0 410.43L640 410.43L442.61 229.58L442.61 343.56L0 343.56L0 410.43Z\"><\/path><\/svg><\/div><div class=\"project-overlay\"><\/div><div class=\"project-title-underlay\"><\/div><\/a><a class=\"listed-project\" href=\"https:\/\/www.pakovert.com\/\" target=\"_blank\"><img decoding=\"async\" src=\"https:\/\/www.nunku.com\/wp-content\/uploads\/2023\/10\/pakovert.jpg\" class=\"project-bg\" loading=\"lazy\" \/><div><p>WordPress<\/p><h4>PakoVert<\/h4><svg class=\"project-arrow\" aria-hidden=\"true\" role=\"img\" height=\"2em\" width=\"2em\" viewbox=\"0 0 640 640\" xmlns=\"http:\/\/www.w3.org\/2000\/svg\"><path fill=\"white\" d=\"M0 410.43L640 410.43L442.61 229.58L442.61 343.56L0 343.56L0 410.43Z\"><\/path><\/svg><\/div><div class=\"project-overlay\"><\/div><div class=\"project-title-underlay\"><\/div><\/a><a class=\"listed-project\" href=\"https:\/\/ca.sparkel.com\/\" target=\"_blank\"><img decoding=\"async\" src=\"https:\/\/www.nunku.com\/wp-content\/uploads\/2022\/02\/sparkel-500x500.jpg\" class=\"project-bg\" loading=\"lazy\" \/><div><p>Shopify<\/p><h4>Sparkel<\/h4><svg class=\"project-arrow\" aria-hidden=\"true\" role=\"img\" height=\"2em\" width=\"2em\" viewbox=\"0 0 640 640\" xmlns=\"http:\/\/www.w3.org\/2000\/svg\"><path fill=\"white\" d=\"M0 410.43L640 410.43L442.61 229.58L442.61 343.56L0 343.56L0 410.43Z\"><\/path><\/svg><\/div><div class=\"project-overlay\"><\/div><div class=\"project-title-underlay\"><\/div><\/a><a class=\"listed-project\" href=\"https:\/\/www.tortueberlue.com\/\" target=\"_blank\"><img decoding=\"async\" src=\"https:\/\/www.nunku.com\/wp-content\/uploads\/2022\/02\/tortue-berlue-500x500.jpg\" class=\"project-bg\" loading=\"lazy\" \/><div><p>WordPress<\/p><h4>Tortue Berlue<\/h4><svg class=\"project-arrow\" aria-hidden=\"true\" role=\"img\" height=\"2em\" width=\"2em\" viewbox=\"0 0 640 640\" xmlns=\"http:\/\/www.w3.org\/2000\/svg\"><path fill=\"white\" d=\"M0 410.43L640 410.43L442.61 229.58L442.61 343.56L0 343.56L0 410.43Z\"><\/path><\/svg><\/div><div class=\"project-overlay\"><\/div><div class=\"project-title-underlay\"><\/div><\/a><a class=\"listed-project\" href=\"https:\/\/maprofdefrancais.ca\/\" target=\"_blank\"><img decoding=\"async\" src=\"https:\/\/www.nunku.com\/wp-content\/uploads\/2023\/10\/maprofdefrancais.jpg\" class=\"project-bg\" loading=\"lazy\" \/><div><p>WordPress<\/p><h4>Ma Prof De Fran\u00e7ais<\/h4><svg class=\"project-arrow\" aria-hidden=\"true\" role=\"img\" height=\"2em\" width=\"2em\" viewbox=\"0 0 640 640\" xmlns=\"http:\/\/www.w3.org\/2000\/svg\"><path fill=\"white\" d=\"M0 410.43L640 410.43L442.61 229.58L442.61 343.56L0 343.56L0 410.43Z\"><\/path><\/svg><\/div><div class=\"project-overlay\"><\/div><div class=\"project-title-underlay\"><\/div><\/a><a class=\"listed-project\" href=\"https:\/\/tbmoq.ca\/\" target=\"_blank\"><img decoding=\"async\" src=\"https:\/\/www.nunku.com\/wp-content\/uploads\/2021\/09\/tbmoq.png\" class=\"project-bg\" loading=\"lazy\" \/><div><p>WordPress<\/p><h4>TBMOQ<\/h4><svg class=\"project-arrow\" aria-hidden=\"true\" role=\"img\" height=\"2em\" width=\"2em\" viewbox=\"0 0 640 640\" xmlns=\"http:\/\/www.w3.org\/2000\/svg\"><path fill=\"white\" d=\"M0 410.43L640 410.43L442.61 229.58L442.61 343.56L0 343.56L0 410.43Z\"><\/path><\/svg><\/div><div class=\"project-overlay\"><\/div><div class=\"project-title-underlay\"><\/div><\/a><a class=\"listed-project\" href=\"https:\/\/marcon-construction.ca\/\" target=\"_blank\"><img decoding=\"async\" src=\"https:\/\/www.nunku.com\/wp-content\/uploads\/2022\/02\/marcon-500x500.jpg\" class=\"project-bg\" loading=\"lazy\" \/><div><p>WordPress<\/p><h4>Construction Marcon<\/h4><svg class=\"project-arrow\" aria-hidden=\"true\" role=\"img\" height=\"2em\" width=\"2em\" viewbox=\"0 0 640 640\" xmlns=\"http:\/\/www.w3.org\/2000\/svg\"><path fill=\"white\" d=\"M0 410.43L640 410.43L442.61 229.58L442.61 343.56L0 343.56L0 410.43Z\"><\/path><\/svg><\/div><div class=\"project-overlay\"><\/div><div class=\"project-title-underlay\"><\/div><\/a><a class=\"listed-project\" href=\"https:\/\/www.marblemaestro.com\/\" target=\"_blank\"><img decoding=\"async\" src=\"https:\/\/www.nunku.com\/wp-content\/uploads\/2023\/01\/home-banner-1-500x500.jpg\" class=\"project-bg\" loading=\"lazy\" \/><div><p>WordPress<\/p><h4>Marble Maestro<\/h4><svg class=\"project-arrow\" aria-hidden=\"true\" role=\"img\" height=\"2em\" width=\"2em\" viewbox=\"0 0 640 640\" xmlns=\"http:\/\/www.w3.org\/2000\/svg\"><path fill=\"white\" d=\"M0 410.43L640 410.43L442.61 229.58L442.61 343.56L0 343.56L0 410.43Z\"><\/path><\/svg><\/div><div class=\"project-overlay\"><\/div><div class=\"project-title-underlay\"><\/div><\/a><a class=\"listed-project\" href=\"https:\/\/www.nic-hit.ca\/\" target=\"_blank\"><img decoding=\"async\" src=\"https:\/\/www.nunku.com\/wp-content\/uploads\/2022\/02\/nic-hit.png\" class=\"project-bg\" loading=\"lazy\" \/><div><p>WordPress<\/p><h4>Nic-Hit<\/h4><svg class=\"project-arrow\" aria-hidden=\"true\" role=\"img\" height=\"2em\" width=\"2em\" viewbox=\"0 0 640 640\" xmlns=\"http:\/\/www.w3.org\/2000\/svg\"><path fill=\"white\" d=\"M0 410.43L640 410.43L442.61 229.58L442.61 343.56L0 343.56L0 410.43Z\"><\/path><\/svg><\/div><div class=\"project-overlay\"><\/div><div class=\"project-title-underlay\"><\/div><\/a><a class=\"listed-project\" href=\"https:\/\/hrdrecruitment.ca\/\" target=\"_blank\"><img decoding=\"async\" src=\"https:\/\/www.nunku.com\/wp-content\/uploads\/2023\/11\/hrd-recruitment-1.jpg\" class=\"project-bg\" loading=\"lazy\" \/><div><p>WordPress<\/p><h4>HRD Recruitment<\/h4><svg class=\"project-arrow\" aria-hidden=\"true\" role=\"img\" height=\"2em\" width=\"2em\" viewbox=\"0 0 640 640\" xmlns=\"http:\/\/www.w3.org\/2000\/svg\"><path fill=\"white\" d=\"M0 410.43L640 410.43L442.61 229.58L442.61 343.56L0 343.56L0 410.43Z\"><\/path><\/svg><\/div><div class=\"project-overlay\"><\/div><div class=\"project-title-underlay\"><\/div><\/a><a class=\"listed-project\" href=\"https:\/\/www.distrocan.ca\/\" target=\"_blank\"><img decoding=\"async\" src=\"https:\/\/www.nunku.com\/wp-content\/uploads\/2024\/05\/distrocan.png\" class=\"project-bg\" loading=\"lazy\" \/><div><p>WordPress<\/p><h4>Distrocan<\/h4><svg class=\"project-arrow\" aria-hidden=\"true\" role=\"img\" height=\"2em\" width=\"2em\" viewbox=\"0 0 640 640\" xmlns=\"http:\/\/www.w3.org\/2000\/svg\"><path fill=\"white\" d=\"M0 410.43L640 410.43L442.61 229.58L442.61 343.56L0 343.56L0 410.43Z\"><\/path><\/svg><\/div><div class=\"project-overlay\"><\/div><div class=\"project-title-underlay\"><\/div><\/a><a class=\"listed-project\" href=\"https:\/\/tonycannoli.ca\/\" target=\"_blank\"><img decoding=\"async\" src=\"https:\/\/www.nunku.com\/wp-content\/uploads\/2023\/01\/tony-cannoli-500x500.webp\" class=\"project-bg\" loading=\"lazy\" \/><div><p>Shopify<\/p><h4>Tony CANNOLI<\/h4><svg class=\"project-arrow\" aria-hidden=\"true\" role=\"img\" height=\"2em\" width=\"2em\" viewbox=\"0 0 640 640\" xmlns=\"http:\/\/www.w3.org\/2000\/svg\"><path fill=\"white\" d=\"M0 410.43L640 410.43L442.61 229.58L442.61 343.56L0 343.56L0 410.43Z\"><\/path><\/svg><\/div><div class=\"project-overlay\"><\/div><div class=\"project-title-underlay\"><\/div><\/a><a class=\"listed-project\" href=\"https:\/\/assaleh.ca\/\" target=\"_blank\"><img decoding=\"async\" src=\"https:\/\/www.nunku.com\/wp-content\/uploads\/2024\/05\/collection-canadian-diamonds_c1c1c073-4f90-4eef-a627-cd86c8d93841-500x500.webp\" class=\"project-bg\" loading=\"lazy\" \/><div><p>Shopify<\/p><h4>Joailleries Assaleh<\/h4><svg class=\"project-arrow\" aria-hidden=\"true\" role=\"img\" height=\"2em\" width=\"2em\" viewbox=\"0 0 640 640\" xmlns=\"http:\/\/www.w3.org\/2000\/svg\"><path fill=\"white\" d=\"M0 410.43L640 410.43L442.61 229.58L442.61 343.56L0 343.56L0 410.43Z\"><\/path><\/svg><\/div><div class=\"project-overlay\"><\/div><div class=\"project-title-underlay\"><\/div><\/a><\/div>\n\n<\/div><\/div>","protected":false},"excerpt":{"rendered":"<p>Ce que nous avons fait Nous d\u00e9veloppons, concevons et fournissons des sites web qui g\u00e9n\u00e8rent des r\u00e9sultats.Ce sont nos projets les plus r\u00e9cents dont nous sommes fiers.<\/p>\n","protected":false},"author":3,"featured_media":335,"parent":0,"menu_order":0,"comment_status":"closed","ping_status":"closed","template":"","meta":{"footnotes":""},"class_list":["post-311","page","type-page","status-publish","has-post-thumbnail","hentry"],"yoast_head":"<!-- This site is optimized with the Yoast SEO plugin v27.3 - https:\/\/yoast.com\/product\/yoast-seo-wordpress\/ -->\n<title>R\u00e9alisations - Nunku<\/title>\n<meta name=\"robots\" content=\"index, follow, max-snippet:-1, max-image-preview:large, max-video-preview:-1\" \/>\n<link rel=\"canonical\" href=\"https:\/\/www.nunku.com\/fr\/realisations\/\" \/>\n<meta property=\"og:locale\" content=\"fr_FR\" \/>\n<meta property=\"og:type\" content=\"article\" \/>\n<meta property=\"og:title\" content=\"R\u00e9alisations - Nunku\" \/>\n<meta property=\"og:description\" content=\"Ce que nous avons fait Nous d\u00e9veloppons, concevons et fournissons des sites web qui g\u00e9n\u00e8rent des r\u00e9sultats.Ce sont nos projets les plus r\u00e9cents dont nous sommes fiers.\" \/>\n<meta property=\"og:url\" content=\"https:\/\/www.nunku.com\/fr\/realisations\/\" \/>\n<meta property=\"og:site_name\" content=\"Nunku\" \/>\n<meta property=\"article:publisher\" content=\"https:\/\/www.facebook.com\/nunku.agency\/\" \/>\n<meta property=\"article:modified_time\" content=\"2026-02-05T02:04:22+00:00\" \/>\n<meta property=\"og:image\" content=\"https:\/\/www.nunku.com\/wp-content\/uploads\/2022\/03\/banner-work-parralax.jpg\" \/>\n\t<meta property=\"og:image:width\" content=\"1920\" \/>\n\t<meta property=\"og:image:height\" content=\"1440\" \/>\n\t<meta property=\"og:image:type\" content=\"image\/jpeg\" \/>\n<meta name=\"twitter:card\" content=\"summary_large_image\" \/>\n<script type=\"application\/ld+json\" class=\"yoast-schema-graph\">{\"@context\":\"https:\\\/\\\/schema.org\",\"@graph\":[{\"@type\":\"WebPage\",\"@id\":\"https:\\\/\\\/www.nunku.com\\\/fr\\\/realisations\\\/\",\"url\":\"https:\\\/\\\/www.nunku.com\\\/fr\\\/realisations\\\/\",\"name\":\"R\u00e9alisations - Nunku\",\"isPartOf\":{\"@id\":\"https:\\\/\\\/www.nunku.com\\\/fr\\\/#website\"},\"primaryImageOfPage\":{\"@id\":\"https:\\\/\\\/www.nunku.com\\\/fr\\\/realisations\\\/#primaryimage\"},\"image\":{\"@id\":\"https:\\\/\\\/www.nunku.com\\\/fr\\\/realisations\\\/#primaryimage\"},\"thumbnailUrl\":\"https:\\\/\\\/www.nunku.com\\\/wp-content\\\/uploads\\\/2022\\\/03\\\/banner-work-parralax.jpg\",\"datePublished\":\"2021-09-23T23:25:32+00:00\",\"dateModified\":\"2026-02-05T02:04:22+00:00\",\"breadcrumb\":{\"@id\":\"https:\\\/\\\/www.nunku.com\\\/fr\\\/realisations\\\/#breadcrumb\"},\"inLanguage\":\"fr-FR\",\"potentialAction\":[{\"@type\":\"ReadAction\",\"target\":[\"https:\\\/\\\/www.nunku.com\\\/fr\\\/realisations\\\/\"]}]},{\"@type\":\"ImageObject\",\"inLanguage\":\"fr-FR\",\"@id\":\"https:\\\/\\\/www.nunku.com\\\/fr\\\/realisations\\\/#primaryimage\",\"url\":\"https:\\\/\\\/www.nunku.com\\\/wp-content\\\/uploads\\\/2022\\\/03\\\/banner-work-parralax.jpg\",\"contentUrl\":\"https:\\\/\\\/www.nunku.com\\\/wp-content\\\/uploads\\\/2022\\\/03\\\/banner-work-parralax.jpg\",\"width\":1920,\"height\":1440},{\"@type\":\"BreadcrumbList\",\"@id\":\"https:\\\/\\\/www.nunku.com\\\/fr\\\/realisations\\\/#breadcrumb\",\"itemListElement\":[{\"@type\":\"ListItem\",\"position\":1,\"name\":\"Home\",\"item\":\"https:\\\/\\\/www.nunku.com\\\/fr\\\/accueil\\\/\"},{\"@type\":\"ListItem\",\"position\":2,\"name\":\"R\u00e9alisations\"}]},{\"@type\":\"WebSite\",\"@id\":\"https:\\\/\\\/www.nunku.com\\\/fr\\\/#website\",\"url\":\"https:\\\/\\\/www.nunku.com\\\/fr\\\/\",\"name\":\"Nunku\",\"description\":\"Web Design &amp; Development specialized in Wordpress &amp; Shopify\",\"publisher\":{\"@id\":\"https:\\\/\\\/www.nunku.com\\\/fr\\\/#organization\"},\"potentialAction\":[{\"@type\":\"SearchAction\",\"target\":{\"@type\":\"EntryPoint\",\"urlTemplate\":\"https:\\\/\\\/www.nunku.com\\\/fr\\\/?s={search_term_string}\"},\"query-input\":{\"@type\":\"PropertyValueSpecification\",\"valueRequired\":true,\"valueName\":\"search_term_string\"}}],\"inLanguage\":\"fr-FR\"},{\"@type\":\"Organization\",\"@id\":\"https:\\\/\\\/www.nunku.com\\\/fr\\\/#organization\",\"name\":\"Nunku\",\"url\":\"https:\\\/\\\/www.nunku.com\\\/fr\\\/\",\"logo\":{\"@type\":\"ImageObject\",\"inLanguage\":\"fr-FR\",\"@id\":\"https:\\\/\\\/www.nunku.com\\\/fr\\\/#\\\/schema\\\/logo\\\/image\\\/\",\"url\":\"https:\\\/\\\/www.nunku.com\\\/wp-content\\\/uploads\\\/2026\\\/02\\\/Nunku-Logo-Black.webp\",\"contentUrl\":\"https:\\\/\\\/www.nunku.com\\\/wp-content\\\/uploads\\\/2026\\\/02\\\/Nunku-Logo-Black.webp\",\"width\":400,\"height\":88,\"caption\":\"Nunku\"},\"image\":{\"@id\":\"https:\\\/\\\/www.nunku.com\\\/fr\\\/#\\\/schema\\\/logo\\\/image\\\/\"},\"sameAs\":[\"https:\\\/\\\/www.facebook.com\\\/nunku.agency\\\/\",\"https:\\\/\\\/www.instagram.com\\\/nunku.agency\\\/\",\"https:\\\/\\\/www.linkedin.com\\\/company\\\/nunku\\\/\",\"https:\\\/\\\/www.tiktok.com\\\/@nunku.agency\"]}]}<\/script>\n<!-- \/ Yoast SEO plugin. -->","yoast_head_json":{"title":"R\u00e9alisations - Nunku","robots":{"index":"index","follow":"follow","max-snippet":"max-snippet:-1","max-image-preview":"max-image-preview:large","max-video-preview":"max-video-preview:-1"},"canonical":"https:\/\/www.nunku.com\/fr\/realisations\/","og_locale":"fr_FR","og_type":"article","og_title":"R\u00e9alisations - Nunku","og_description":"Ce que nous avons fait Nous d\u00e9veloppons, concevons et fournissons des sites web qui g\u00e9n\u00e8rent des r\u00e9sultats.Ce sont nos projets les plus r\u00e9cents dont nous sommes fiers.","og_url":"https:\/\/www.nunku.com\/fr\/realisations\/","og_site_name":"Nunku","article_publisher":"https:\/\/www.facebook.com\/nunku.agency\/","article_modified_time":"2026-02-05T02:04:22+00:00","og_image":[{"width":1920,"height":1440,"url":"https:\/\/www.nunku.com\/wp-content\/uploads\/2022\/03\/banner-work-parralax.jpg","type":"image\/jpeg"}],"twitter_card":"summary_large_image","schema":{"@context":"https:\/\/schema.org","@graph":[{"@type":"WebPage","@id":"https:\/\/www.nunku.com\/fr\/realisations\/","url":"https:\/\/www.nunku.com\/fr\/realisations\/","name":"R\u00e9alisations - Nunku","isPartOf":{"@id":"https:\/\/www.nunku.com\/fr\/#website"},"primaryImageOfPage":{"@id":"https:\/\/www.nunku.com\/fr\/realisations\/#primaryimage"},"image":{"@id":"https:\/\/www.nunku.com\/fr\/realisations\/#primaryimage"},"thumbnailUrl":"https:\/\/www.nunku.com\/wp-content\/uploads\/2022\/03\/banner-work-parralax.jpg","datePublished":"2021-09-23T23:25:32+00:00","dateModified":"2026-02-05T02:04:22+00:00","breadcrumb":{"@id":"https:\/\/www.nunku.com\/fr\/realisations\/#breadcrumb"},"inLanguage":"fr-FR","potentialAction":[{"@type":"ReadAction","target":["https:\/\/www.nunku.com\/fr\/realisations\/"]}]},{"@type":"ImageObject","inLanguage":"fr-FR","@id":"https:\/\/www.nunku.com\/fr\/realisations\/#primaryimage","url":"https:\/\/www.nunku.com\/wp-content\/uploads\/2022\/03\/banner-work-parralax.jpg","contentUrl":"https:\/\/www.nunku.com\/wp-content\/uploads\/2022\/03\/banner-work-parralax.jpg","width":1920,"height":1440},{"@type":"BreadcrumbList","@id":"https:\/\/www.nunku.com\/fr\/realisations\/#breadcrumb","itemListElement":[{"@type":"ListItem","position":1,"name":"Home","item":"https:\/\/www.nunku.com\/fr\/accueil\/"},{"@type":"ListItem","position":2,"name":"R\u00e9alisations"}]},{"@type":"WebSite","@id":"https:\/\/www.nunku.com\/fr\/#website","url":"https:\/\/www.nunku.com\/fr\/","name":"Nunku","description":"Web Design &amp; Development specialized in Wordpress &amp; Shopify","publisher":{"@id":"https:\/\/www.nunku.com\/fr\/#organization"},"potentialAction":[{"@type":"SearchAction","target":{"@type":"EntryPoint","urlTemplate":"https:\/\/www.nunku.com\/fr\/?s={search_term_string}"},"query-input":{"@type":"PropertyValueSpecification","valueRequired":true,"valueName":"search_term_string"}}],"inLanguage":"fr-FR"},{"@type":"Organization","@id":"https:\/\/www.nunku.com\/fr\/#organization","name":"Nunku","url":"https:\/\/www.nunku.com\/fr\/","logo":{"@type":"ImageObject","inLanguage":"fr-FR","@id":"https:\/\/www.nunku.com\/fr\/#\/schema\/logo\/image\/","url":"https:\/\/www.nunku.com\/wp-content\/uploads\/2026\/02\/Nunku-Logo-Black.webp","contentUrl":"https:\/\/www.nunku.com\/wp-content\/uploads\/2026\/02\/Nunku-Logo-Black.webp","width":400,"height":88,"caption":"Nunku"},"image":{"@id":"https:\/\/www.nunku.com\/fr\/#\/schema\/logo\/image\/"},"sameAs":["https:\/\/www.facebook.com\/nunku.agency\/","https:\/\/www.instagram.com\/nunku.agency\/","https:\/\/www.linkedin.com\/company\/nunku\/","https:\/\/www.tiktok.com\/@nunku.agency"]}]}},"_links":{"self":[{"href":"https:\/\/www.nunku.com\/fr\/wp-json\/wp\/v2\/pages\/311","targetHints":{"allow":["GET"]}}],"collection":[{"href":"https:\/\/www.nunku.com\/fr\/wp-json\/wp\/v2\/pages"}],"about":[{"href":"https:\/\/www.nunku.com\/fr\/wp-json\/wp\/v2\/types\/page"}],"author":[{"embeddable":true,"href":"https:\/\/www.nunku.com\/fr\/wp-json\/wp\/v2\/users\/3"}],"replies":[{"embeddable":true,"href":"https:\/\/www.nunku.com\/fr\/wp-json\/wp\/v2\/comments?post=311"}],"version-history":[{"count":0,"href":"https:\/\/www.nunku.com\/fr\/wp-json\/wp\/v2\/pages\/311\/revisions"}],"wp:featuredmedia":[{"embeddable":true,"href":"https:\/\/www.nunku.com\/fr\/wp-json\/wp\/v2\/media\/335"}],"wp:attachment":[{"href":"https:\/\/www.nunku.com\/fr\/wp-json\/wp\/v2\/media?parent=311"}],"curies":[{"name":"wp","href":"https:\/\/api.w.org\/{rel}","templated":true}]}}