{"id":307,"date":"2021-09-23T19:25:44","date_gmt":"2021-09-23T23:25:44","guid":{"rendered":"https:\/\/www.nunku.com\/?page_id=307"},"modified":"2026-02-06T13:16:58","modified_gmt":"2026-02-06T18:16:58","slug":"contact","status":"publish","type":"page","link":"https:\/\/www.nunku.com\/fr\/contact\/","title":{"rendered":"Contact"},"content":{"rendered":"<div class=\"gb-container gb-container-11b2f1db\"><div class=\"gb-inside-container\">\n<div class=\"gb-grid-wrapper gb-grid-wrapper-1759da3c\">\n<div class=\"gb-grid-column gb-grid-column-a9a7a9af\"><div class=\"gb-container gb-container-a9a7a9af\"><div class=\"gb-inside-container\">\n\n<h4 class=\"wp-block-heading has-base-3-color has-text-color has-link-color wp-elements-2d17075aa996aac967d649c0ae060c4f\" id=\"get-in-touch\">Nous joindre<\/h4>\n\n\n\n<p class=\"has-text-color has-link-color has-medium-font-size wp-elements-430a8e70a3fa8c296d3e557b71f2e9cd\" style=\"color:#858585\"><mark style=\"background-color:rgba(0, 0, 0, 0);color:#858585\" class=\"has-inline-color\">Pr\u00eat \u00e0 commencer votre prochain projet avec nous? C&rsquo;est g\u00e9nial! Envoyez-nous un email et nous vous r\u00e9pondrons dans les plus brefs d\u00e9lais!<\/mark><\/p>\n\n\n\n<div class=\"wpcf7 no-js\" id=\"wpcf7-f320-o1\" lang=\"fr-FR\" dir=\"ltr\" data-wpcf7-id=\"320\">\n<div class=\"screen-reader-response\"><p role=\"status\" aria-live=\"polite\" aria-atomic=\"true\"><\/p> <ul><\/ul><\/div>\n<form action=\"\/fr\/wp-json\/wp\/v2\/pages\/307#wpcf7-f320-o1\" method=\"post\" class=\"wpcf7-form init\" aria-label=\"Formulaire de contact\" novalidate=\"novalidate\" data-status=\"init\">\n<fieldset class=\"hidden-fields-container\"><input type=\"hidden\" name=\"_wpcf7\" value=\"320\" \/><input type=\"hidden\" name=\"_wpcf7_version\" value=\"6.1.5\" \/><input type=\"hidden\" name=\"_wpcf7_locale\" value=\"fr_FR\" \/><input type=\"hidden\" name=\"_wpcf7_unit_tag\" value=\"wpcf7-f320-o1\" \/><input type=\"hidden\" name=\"_wpcf7_container_post\" value=\"0\" \/><input type=\"hidden\" name=\"_wpcf7_posted_data_hash\" value=\"\" \/><input type=\"hidden\" name=\"_wpcf7_recaptcha_response\" value=\"\" \/>\n<\/fieldset>\n<div class=\"contact-form\">\n\t<div class=\"grid-50\">\n\t\t<p><label for=\"cf7-fn\">Nom<\/label><span class=\"wpcf7-form-control-wrap\" data-name=\"client-name\"><input size=\"40\" maxlength=\"400\" class=\"wpcf7-form-control wpcf7-text wpcf7-validates-as-required\" id=\"cf7-fn\" aria-required=\"true\" aria-invalid=\"false\" placeholder=\"Nom\" value=\"\" type=\"text\" name=\"client-name\" \/><\/span>\n\t\t<\/p>\n\t<\/div>\n\t<div class=\"grid-50\">\n\t\t<p><label for=\"cf7-em\">Courriel<\/label><span class=\"wpcf7-form-control-wrap\" data-name=\"client-email\"><input size=\"40\" maxlength=\"400\" class=\"wpcf7-form-control wpcf7-email wpcf7-validates-as-required wpcf7-text wpcf7-validates-as-email\" id=\"cf7-em\" aria-required=\"true\" aria-invalid=\"false\" placeholder=\"Courriel\" value=\"\" type=\"email\" name=\"client-email\" \/><\/span>\n\t\t<\/p>\n\t<\/div>\n\t<div class=\"grid-50\">\n\t\t<p><label for=\"cf7-tl\">T\u00e9l\u00e9phone<\/label><span class=\"wpcf7-form-control-wrap\" data-name=\"client-telephone\"><input size=\"40\" maxlength=\"400\" class=\"wpcf7-form-control wpcf7-tel wpcf7-validates-as-required wpcf7-text wpcf7-validates-as-tel\" id=\"cf7-tl\" aria-required=\"true\" aria-invalid=\"false\" placeholder=\"T\u00e9l\u00e9phone\" value=\"\" type=\"tel\" name=\"client-telephone\" \/><\/span>\n\t\t<\/p>\n\t<\/div>\n\t<div class=\"grid-50\">\n\t\t<p><label for=\"cf7-co\">Entreprise<\/label><span class=\"wpcf7-form-control-wrap\" data-name=\"client-company\"><input size=\"40\" maxlength=\"400\" class=\"wpcf7-form-control wpcf7-text wpcf7-validates-as-required\" id=\"cf7-co\" aria-required=\"true\" aria-invalid=\"false\" placeholder=\"Entreprise\" value=\"\" type=\"text\" name=\"client-company\" \/><\/span>\n\t\t<\/p>\n\t<\/div>\n\t<div class=\"grid-50\">\n\t\t<p><label for=\"cf7-bu\">Budget<\/label><span class=\"wpcf7-form-control-wrap\" data-name=\"client-budget\"><select class=\"wpcf7-form-control wpcf7-select wpcf7-validates-as-required\" aria-required=\"true\" aria-invalid=\"false\" name=\"client-budget\"><option value=\"\">Budget<\/option><option value=\"Moins de 5 000\">Moins de 5 000<\/option><option value=\"5 000 \u2013 15 000\">5 000 \u2013 15 000<\/option><option value=\"15 000 \u2013 25 000\">15 000 \u2013 25 000<\/option><option value=\"25 000 \u2013 50 000\">25 000 \u2013 50 000<\/option><option value=\"50 000 \u2013 et plus\">50 000 \u2013 et plus<\/option><\/select><\/span>\n\t\t<\/p>\n\t<\/div>\n\t<div class=\"grid-50\">\n\t\t<p><label for=\"cf7-so\">Solution<\/label><span class=\"wpcf7-form-control-wrap\" data-name=\"client-solution\"><select class=\"wpcf7-form-control wpcf7-select wpcf7-validates-as-required\" aria-required=\"true\" aria-invalid=\"false\" name=\"client-solution\"><option value=\"\">Solution<\/option><option value=\"Image de marque &amp; identit\u00e9 visuelle\">Image de marque &amp; identit\u00e9 visuelle<\/option><option value=\"Site web (design &amp; d\u00e9veloppement)\">Site web (design &amp; d\u00e9veloppement)<\/option><option value=\"Emballage &amp; design imprim\u00e9\">Emballage &amp; design imprim\u00e9<\/option><option value=\"Marketing num\u00e9rique &amp; croissance\">Marketing num\u00e9rique &amp; croissance<\/option><option value=\"Optimisation e-commerce\">Optimisation e-commerce<\/option><option value=\"Accompagnement cr\u00e9atif continu\">Accompagnement cr\u00e9atif continu<\/option><option value=\"Je ne suis pas certain \u2014 j\u2019ai besoin d\u2019accompagnement\">Je ne suis pas certain \u2014 j\u2019ai besoin d\u2019accompagnement<\/option><\/select><\/span>\n\t\t<\/p>\n\t<\/div>\n\t<div class=\"grid-100\">\n\t\t<p><label for=\"cf7-me\">Message<\/label><span class=\"wpcf7-form-control-wrap\" data-name=\"client-message\"><textarea cols=\"40\" rows=\"3\" maxlength=\"2000\" class=\"wpcf7-form-control wpcf7-textarea wpcf7-validates-as-required\" id=\"cf7-me\" aria-required=\"true\" aria-invalid=\"false\" placeholder=\"Message\" name=\"client-message\"><\/textarea><\/span>\n\t\t<\/p>\n\t<\/div>\n\t<div class=\"grid-100\">\n\t\t<p><input class=\"wpcf7-form-control wpcf7-submit has-spinner button\" type=\"submit\" value=\"ENVOYER\" \/>\n\t\t<\/p>\n\t<\/div>\n<\/div><div class=\"wpcf7-response-output\" aria-hidden=\"true\"><\/div>\n<\/form>\n<\/div>\n\n\n<\/div><\/div><\/div>\n\n<div class=\"gb-grid-column gb-grid-column-82a6310a\"><div class=\"gb-container gb-container-82a6310a center-mobile\"><div class=\"gb-inside-container\">\n\n<h4 class=\"wp-block-heading has-base-3-color has-text-color has-link-color wp-elements-f91e4f5ef77c3e51b3a6fea467f4c016\" id=\"address\">Adresse<\/h4>\n\n\n\n<p class=\"has-text-color has-link-color has-medium-font-size wp-elements-a17732596bf9e4e5985d3c386261144d\" style=\"color:#858585\">422 Avenue du Mont-Royal E<br>Montr\u00e9al, QC H2J 1W1<br><br>+ 1 514 924 4449<\/p>\n\n<\/div><\/div><\/div>\n<\/div>\n<\/div><\/div>\n\n<div class=\"gb-container gb-container-dc44fb1c\"><div class=\"gb-inside-container\">\n\n<h5 class=\"gb-headline gb-headline-a079e123 gb-headline-text\"><\/h5>\n\n\n\n<h2 class=\"gb-headline gb-headline-5118ebf1 gb-headline-text\">O\u00f9 nous nous situons<\/h2>\n\n\n\n<div style=\"height:30px\" aria-hidden=\"true\" class=\"wp-block-spacer\"><\/div>\n\n\n\n<iframe src=\"https:\/\/www.google.com\/maps\/embed?pb=!1m18!1m12!1m3!1d2795.2977970646957!2d-73.58451038422834!3d45.52421253745758!2m3!1f0!2f0!3f0!3m2!1i1024!2i768!4f13.1!3m3!1m2!1s0x4cc91bd1a5410f7d%3A0x57c164c8d9579cd!2sNunku!5e0!3m2!1sen!2sca!4v1645497186648!5m2!1sen!2sca\" width=\"100%\" height=\"350\" style=\"border:0;\" allowfullscreen=\"\" loading=\"lazy\"><\/iframe>\n\n\n\n<div style=\"height:30px\" aria-hidden=\"true\" class=\"wp-block-spacer\"><\/div>\n\n<\/div><\/div>","protected":false},"excerpt":{"rendered":"<p>O\u00f9 nous nous situons<\/p>\n","protected":false},"author":3,"featured_media":0,"parent":0,"menu_order":0,"comment_status":"closed","ping_status":"closed","template":"","meta":{"footnotes":""},"class_list":["post-307","page","type-page","status-publish"],"yoast_head":"<!-- This site is optimized with the Yoast SEO plugin v27.3 - https:\/\/yoast.com\/product\/yoast-seo-wordpress\/ -->\n<title>Contact - Nunku<\/title>\n<meta name=\"robots\" content=\"index, follow, max-snippet:-1, max-image-preview:large, max-video-preview:-1\" \/>\n<link rel=\"canonical\" href=\"https:\/\/www.nunku.com\/fr\/contact\/\" \/>\n<meta property=\"og:locale\" content=\"fr_FR\" \/>\n<meta property=\"og:type\" content=\"article\" \/>\n<meta property=\"og:title\" content=\"Contact - Nunku\" \/>\n<meta property=\"og:description\" content=\"O\u00f9 nous nous situons\" \/>\n<meta property=\"og:url\" content=\"https:\/\/www.nunku.com\/fr\/contact\/\" \/>\n<meta property=\"og:site_name\" content=\"Nunku\" \/>\n<meta property=\"article:publisher\" content=\"https:\/\/www.facebook.com\/nunku.agency\/\" \/>\n<meta property=\"article:modified_time\" content=\"2026-02-06T18:16:58+00:00\" \/>\n<meta property=\"og:image\" content=\"https:\/\/www.nunku.com\/wp-content\/uploads\/2026\/02\/nunku-opengraph.png\" \/>\n\t<meta property=\"og:image:width\" content=\"1200\" \/>\n\t<meta property=\"og:image:height\" content=\"630\" \/>\n\t<meta property=\"og:image:type\" content=\"image\/png\" \/>\n<meta name=\"twitter:card\" content=\"summary_large_image\" \/>\n<script type=\"application\/ld+json\" class=\"yoast-schema-graph\">{\"@context\":\"https:\\\/\\\/schema.org\",\"@graph\":[{\"@type\":\"WebPage\",\"@id\":\"https:\\\/\\\/www.nunku.com\\\/fr\\\/contact\\\/\",\"url\":\"https:\\\/\\\/www.nunku.com\\\/fr\\\/contact\\\/\",\"name\":\"Contact - Nunku\",\"isPartOf\":{\"@id\":\"https:\\\/\\\/www.nunku.com\\\/fr\\\/#website\"},\"datePublished\":\"2021-09-23T23:25:44+00:00\",\"dateModified\":\"2026-02-06T18:16:58+00:00\",\"breadcrumb\":{\"@id\":\"https:\\\/\\\/www.nunku.com\\\/fr\\\/contact\\\/#breadcrumb\"},\"inLanguage\":\"fr-FR\",\"potentialAction\":[{\"@type\":\"ReadAction\",\"target\":[\"https:\\\/\\\/www.nunku.com\\\/fr\\\/contact\\\/\"]}]},{\"@type\":\"BreadcrumbList\",\"@id\":\"https:\\\/\\\/www.nunku.com\\\/fr\\\/contact\\\/#breadcrumb\",\"itemListElement\":[{\"@type\":\"ListItem\",\"position\":1,\"name\":\"Home\",\"item\":\"https:\\\/\\\/www.nunku.com\\\/fr\\\/accueil\\\/\"},{\"@type\":\"ListItem\",\"position\":2,\"name\":\"Contact\"}]},{\"@type\":\"WebSite\",\"@id\":\"https:\\\/\\\/www.nunku.com\\\/fr\\\/#website\",\"url\":\"https:\\\/\\\/www.nunku.com\\\/fr\\\/\",\"name\":\"Nunku\",\"description\":\"Web Design &amp; Development specialized in Wordpress &amp; Shopify\",\"publisher\":{\"@id\":\"https:\\\/\\\/www.nunku.com\\\/fr\\\/#organization\"},\"potentialAction\":[{\"@type\":\"SearchAction\",\"target\":{\"@type\":\"EntryPoint\",\"urlTemplate\":\"https:\\\/\\\/www.nunku.com\\\/fr\\\/?s={search_term_string}\"},\"query-input\":{\"@type\":\"PropertyValueSpecification\",\"valueRequired\":true,\"valueName\":\"search_term_string\"}}],\"inLanguage\":\"fr-FR\"},{\"@type\":\"Organization\",\"@id\":\"https:\\\/\\\/www.nunku.com\\\/fr\\\/#organization\",\"name\":\"Nunku\",\"url\":\"https:\\\/\\\/www.nunku.com\\\/fr\\\/\",\"logo\":{\"@type\":\"ImageObject\",\"inLanguage\":\"fr-FR\",\"@id\":\"https:\\\/\\\/www.nunku.com\\\/fr\\\/#\\\/schema\\\/logo\\\/image\\\/\",\"url\":\"https:\\\/\\\/www.nunku.com\\\/wp-content\\\/uploads\\\/2026\\\/02\\\/Nunku-Logo-Black.webp\",\"contentUrl\":\"https:\\\/\\\/www.nunku.com\\\/wp-content\\\/uploads\\\/2026\\\/02\\\/Nunku-Logo-Black.webp\",\"width\":400,\"height\":88,\"caption\":\"Nunku\"},\"image\":{\"@id\":\"https:\\\/\\\/www.nunku.com\\\/fr\\\/#\\\/schema\\\/logo\\\/image\\\/\"},\"sameAs\":[\"https:\\\/\\\/www.facebook.com\\\/nunku.agency\\\/\",\"https:\\\/\\\/www.instagram.com\\\/nunku.agency\\\/\",\"https:\\\/\\\/www.linkedin.com\\\/company\\\/nunku\\\/\",\"https:\\\/\\\/www.tiktok.com\\\/@nunku.agency\"]}]}<\/script>\n<!-- \/ Yoast SEO plugin. -->","yoast_head_json":{"title":"Contact - Nunku","robots":{"index":"index","follow":"follow","max-snippet":"max-snippet:-1","max-image-preview":"max-image-preview:large","max-video-preview":"max-video-preview:-1"},"canonical":"https:\/\/www.nunku.com\/fr\/contact\/","og_locale":"fr_FR","og_type":"article","og_title":"Contact - Nunku","og_description":"O\u00f9 nous nous situons","og_url":"https:\/\/www.nunku.com\/fr\/contact\/","og_site_name":"Nunku","article_publisher":"https:\/\/www.facebook.com\/nunku.agency\/","article_modified_time":"2026-02-06T18:16:58+00:00","og_image":[{"width":1200,"height":630,"url":"https:\/\/www.nunku.com\/wp-content\/uploads\/2026\/02\/nunku-opengraph.png","type":"image\/png"}],"twitter_card":"summary_large_image","schema":{"@context":"https:\/\/schema.org","@graph":[{"@type":"WebPage","@id":"https:\/\/www.nunku.com\/fr\/contact\/","url":"https:\/\/www.nunku.com\/fr\/contact\/","name":"Contact - Nunku","isPartOf":{"@id":"https:\/\/www.nunku.com\/fr\/#website"},"datePublished":"2021-09-23T23:25:44+00:00","dateModified":"2026-02-06T18:16:58+00:00","breadcrumb":{"@id":"https:\/\/www.nunku.com\/fr\/contact\/#breadcrumb"},"inLanguage":"fr-FR","potentialAction":[{"@type":"ReadAction","target":["https:\/\/www.nunku.com\/fr\/contact\/"]}]},{"@type":"BreadcrumbList","@id":"https:\/\/www.nunku.com\/fr\/contact\/#breadcrumb","itemListElement":[{"@type":"ListItem","position":1,"name":"Home","item":"https:\/\/www.nunku.com\/fr\/accueil\/"},{"@type":"ListItem","position":2,"name":"Contact"}]},{"@type":"WebSite","@id":"https:\/\/www.nunku.com\/fr\/#website","url":"https:\/\/www.nunku.com\/fr\/","name":"Nunku","description":"Web Design &amp; Development specialized in Wordpress &amp; Shopify","publisher":{"@id":"https:\/\/www.nunku.com\/fr\/#organization"},"potentialAction":[{"@type":"SearchAction","target":{"@type":"EntryPoint","urlTemplate":"https:\/\/www.nunku.com\/fr\/?s={search_term_string}"},"query-input":{"@type":"PropertyValueSpecification","valueRequired":true,"valueName":"search_term_string"}}],"inLanguage":"fr-FR"},{"@type":"Organization","@id":"https:\/\/www.nunku.com\/fr\/#organization","name":"Nunku","url":"https:\/\/www.nunku.com\/fr\/","logo":{"@type":"ImageObject","inLanguage":"fr-FR","@id":"https:\/\/www.nunku.com\/fr\/#\/schema\/logo\/image\/","url":"https:\/\/www.nunku.com\/wp-content\/uploads\/2026\/02\/Nunku-Logo-Black.webp","contentUrl":"https:\/\/www.nunku.com\/wp-content\/uploads\/2026\/02\/Nunku-Logo-Black.webp","width":400,"height":88,"caption":"Nunku"},"image":{"@id":"https:\/\/www.nunku.com\/fr\/#\/schema\/logo\/image\/"},"sameAs":["https:\/\/www.facebook.com\/nunku.agency\/","https:\/\/www.instagram.com\/nunku.agency\/","https:\/\/www.linkedin.com\/company\/nunku\/","https:\/\/www.tiktok.com\/@nunku.agency"]}]}},"_links":{"self":[{"href":"https:\/\/www.nunku.com\/fr\/wp-json\/wp\/v2\/pages\/307","targetHints":{"allow":["GET"]}}],"collection":[{"href":"https:\/\/www.nunku.com\/fr\/wp-json\/wp\/v2\/pages"}],"about":[{"href":"https:\/\/www.nunku.com\/fr\/wp-json\/wp\/v2\/types\/page"}],"author":[{"embeddable":true,"href":"https:\/\/www.nunku.com\/fr\/wp-json\/wp\/v2\/users\/3"}],"replies":[{"embeddable":true,"href":"https:\/\/www.nunku.com\/fr\/wp-json\/wp\/v2\/comments?post=307"}],"version-history":[{"count":0,"href":"https:\/\/www.nunku.com\/fr\/wp-json\/wp\/v2\/pages\/307\/revisions"}],"wp:attachment":[{"href":"https:\/\/www.nunku.com\/fr\/wp-json\/wp\/v2\/media?parent=307"}],"curies":[{"name":"wp","href":"https:\/\/api.w.org\/{rel}","templated":true}]}}